{"id":4770,"date":"2018-03-28T13:41:39","date_gmt":"2018-03-28T11:41:39","guid":{"rendered":"https:\/\/hicontract.brugnottogroup.it\/?page_id=4770"},"modified":"2024-03-11T12:58:47","modified_gmt":"2024-03-11T11:58:47","slug":"mission-vision","status":"publish","type":"page","link":"https:\/\/hicontract.brugnottogroup.it\/fr\/mission-vision\/","title":{"rendered":"Mission &#038; Vision"},"content":{"rendered":"<section class=\"wpb-content-wrapper\"><p>[vc_row content_width=&#8221;grid&#8221; css=&#8221;.vc_custom_1530094256791{padding-top: 50px !important;padding-bottom: 50px !important;}&#8221;][vc_column][vc_row_inner][vc_column_inner]<div class=\"edgtf-image-gallery\">\n\t<div class=\"edgtf-image-gallery-grid edgtf-gallery-columns-4 \" >\n        \t\t\t\t\t<div class=\"edgtf-gallery-image\">\n\t\t\t\t\t\t\t\t\t\t\t\t\t\t\t<img loading=\"lazy\" decoding=\"async\" src=\"https:\/\/hicontract.brugnottogroup.it\/wp-content\/uploads\/2021\/01\/h10_bw-300x300.jpg\" alt=\"\" width=\"300\" height=\"300\" \/>\t\t\t\t\t\t\t\t\t\t\t\t\t<\/div>\n\t\t\t\t\t<div class=\"edgtf-gallery-image\">\n\t\t\t\t\t\t\t\t\t\t\t\t\t\t\t<img loading=\"lazy\" decoding=\"async\" src=\"https:\/\/hicontract.brugnottogroup.it\/wp-content\/uploads\/2021\/01\/farmacia_bw-300x300.jpg\" alt=\"\" width=\"300\" height=\"300\" \/>\t\t\t\t\t\t\t\t\t\t\t\t\t<\/div>\n\t\t\t\t\t<div class=\"edgtf-gallery-image\">\n\t\t\t\t\t\t\t\t\t\t\t\t\t\t\t<img loading=\"lazy\" decoding=\"async\" src=\"https:\/\/hicontract.brugnottogroup.it\/wp-content\/uploads\/2021\/01\/hotelh10_bw-300x300.jpg\" alt=\"\" width=\"300\" height=\"300\" \/>\t\t\t\t\t\t\t\t\t\t\t\t\t<\/div>\n\t\t\t\t\t<div class=\"edgtf-gallery-image\">\n\t\t\t\t\t\t\t\t\t\t\t\t\t\t\t<img loading=\"lazy\" decoding=\"async\" src=\"https:\/\/hicontract.brugnottogroup.it\/wp-content\/uploads\/2021\/01\/loreal_bw-300x300.jpg\" alt=\"\" width=\"300\" height=\"300\" \/>\t\t\t\t\t\t\t\t\t\t\t\t\t<\/div>\n\t\t\t<\/div>\n<\/div>[vc_empty_space height=&#8221;50px&#8221;]<div class=\"edgtf-st\">\n\t<div class=\"edgtf-st-inner\">\n        <div class=\"edgtf-st-title-holder\">\n            <h2 class=\"edgtf-st-title\" style=\"font-size: 30px\">\n                <span>N\u00d4TRE MISSION<\/span>\n            <\/h2>\n        <\/div>\n        <div class=\"edgtf-separator-holder clearfix  edgtf-separator-center\">\n\t<div class=\"edgtf-separator\" style=\"margin-top: 10px;margin-bottom: 10px\"><\/div>\n<\/div>\n\t\t<div class=\"edgtf-st-text-holder\" >\n            <span class=\"edgtf-st-text-text\"><\/p>\n<p style=\"color: #50525a;\">Hi Contract allie les technologies de pointe aux capacit\u00e9s artisanales, pour transformer le bois et d&#8217;autres mat\u00e9riaux composites en volumes, surfaces et objets extraordinaires.<\/p>\n<p style=\"color: #50525a;\">Des objets d&#8217;excellente qualit\u00e9 capables de mettre en valeur la forme et son contenu.<\/p>\n<p><\/span>\n\t\t<\/div>\n\t<\/div>\n<\/div>[vc_empty_space height=&#8221;30px&#8221;][\/vc_column_inner][\/vc_row_inner][\/vc_column][\/vc_row][vc_row content_width=&#8221;grid&#8221; css=&#8221;.vc_custom_1519905602992{padding-top: 50px !important;padding-bottom: 100px !important;}&#8221;][vc_column][vc_row_inner][vc_column_inner]<div class=\"edgtf-image-gallery\">\n\t<div class=\"edgtf-image-gallery-grid edgtf-gallery-columns-4 \" >\n        \t\t\t\t\t<div class=\"edgtf-gallery-image\">\n\t\t\t\t\t\t\t\t\t\t\t\t\t\t\t<img loading=\"lazy\" decoding=\"async\" src=\"https:\/\/hicontract.brugnottogroup.it\/wp-content\/uploads\/2021\/01\/hicontract_design-300x300.jpg\" alt=\"\" width=\"300\" height=\"300\" \/>\t\t\t\t\t\t\t\t\t\t\t\t\t<\/div>\n\t\t\t\t\t<div class=\"edgtf-gallery-image\">\n\t\t\t\t\t\t\t\t\t\t\t\t\t\t\t<img loading=\"lazy\" decoding=\"async\" src=\"https:\/\/hicontract.brugnottogroup.it\/wp-content\/uploads\/2021\/01\/hicontract_progett-300x300.jpg\" alt=\"\" width=\"300\" height=\"300\" \/>\t\t\t\t\t\t\t\t\t\t\t\t\t<\/div>\n\t\t\t\t\t<div class=\"edgtf-gallery-image\">\n\t\t\t\t\t\t\t\t\t\t\t\t\t\t\t<img loading=\"lazy\" decoding=\"async\" src=\"https:\/\/hicontract.brugnottogroup.it\/wp-content\/uploads\/2021\/01\/hicontract_artisan-300x300.jpg\" alt=\"\" width=\"300\" height=\"300\" \/>\t\t\t\t\t\t\t\t\t\t\t\t\t<\/div>\n\t\t\t\t\t<div class=\"edgtf-gallery-image\">\n\t\t\t\t\t\t\t\t\t\t\t\t\t\t\t<img loading=\"lazy\" decoding=\"async\" src=\"https:\/\/hicontract.brugnottogroup.it\/wp-content\/uploads\/2021\/10\/FORMALIGNO_INTERIOR_DESIGN_WOODEN_LEGNO_WOOD-WORKING_FURNITURE_INNOVATIVE_MAKERS_PANTOGRAPH-340x340-300x300-1-300x300.jpg\" alt=\"\" width=\"300\" height=\"300\" \/>\t\t\t\t\t\t\t\t\t\t\t\t\t<\/div>\n\t\t\t<\/div>\n<\/div>[vc_empty_space height=&#8221;50px&#8221;]<div class=\"edgtf-st\">\n\t<div class=\"edgtf-st-inner\">\n        <div class=\"edgtf-st-title-holder\">\n            <h2 class=\"edgtf-st-title\" style=\"color: #50525a;font-size: 30px\">\n                <span>N\u00d4TRE VISION<\/span>\n            <\/h2>\n        <\/div>\n        <div class=\"edgtf-separator-holder clearfix  edgtf-separator-center\">\n\t<div class=\"edgtf-separator\" style=\"margin-top: 10px;margin-bottom: 10px\"><\/div>\n<\/div>\n\t\t<div class=\"edgtf-st-text-holder\" >\n            <span class=\"edgtf-st-text-text\"><\/p>\n<p style=\"color: #50525a;\">Hi Contract soutient le parcours cr\u00e9atif des meilleurs designers et architectes internationaux pour concr\u00e9tiser leurs id\u00e9es et leurs projets.<\/p>\n<p style=\"color: #50525a;\">Pour r\u00e9pondre aux besoins des clients, Hi Contract utilise la Technologie de l&#8217;Information et les outils multim\u00e9dias les plus modernes.<\/p>\n<p style=\"color: #50525a;\">Tout cela en op\u00e9rant toujours de mani\u00e8re durable et \u00e9thique, \u00e9galement \u00e0 travers la formation continue des travailleurs et l&#8217;innovation des processus de production.<\/p>\n<p><\/span>\n\t\t<\/div>\n\t<\/div>\n<\/div>[vc_empty_space height=&#8221;30px&#8221;][\/vc_column_inner][\/vc_row_inner][\/vc_column][\/vc_row][vc_row content_width=&#8221;grid&#8221; css=&#8221;.vc_custom_1519905602992{padding-top: 50px !important;padding-bottom: 100px !important;}&#8221;][vc_column][vc_row_inner][vc_column_inner]<div class=\"edgtf-image-gallery\">\n\t<div class=\"edgtf-image-gallery-grid edgtf-gallery-columns-4 \" >\n        \t\t\t\t\t<div class=\"edgtf-gallery-image\">\n\t\t\t\t\t\t\t\t\t\t\t\t\t\t\t<img loading=\"lazy\" decoding=\"async\" src=\"https:\/\/hicontract.brugnottogroup.it\/wp-content\/uploads\/2021\/01\/hicontract_prod_bw-300x300.jpg\" alt=\"\" width=\"300\" height=\"300\" \/>\t\t\t\t\t\t\t\t\t\t\t\t\t<\/div>\n\t\t\t\t\t<div class=\"edgtf-gallery-image\">\n\t\t\t\t\t\t\t\t\t\t\t\t\t\t\t<img loading=\"lazy\" decoding=\"async\" src=\"https:\/\/hicontract.brugnottogroup.it\/wp-content\/uploads\/2018\/03\/FORMALIGNO_INTERIOR_DESIGN_WOODEN_LEGNO_WOOD-WORKING_FURNITURE_INNOVATIVE_MAKERS_ARTISAN-340x340-300x300.jpg\" alt=\"\" width=\"300\" height=\"300\" \/>\t\t\t\t\t\t\t\t\t\t\t\t\t<\/div>\n\t\t\t\t\t<div class=\"edgtf-gallery-image\">\n\t\t\t\t\t\t\t\t\t\t\t\t\t\t\t<img loading=\"lazy\" decoding=\"async\" src=\"https:\/\/hicontract.brugnottogroup.it\/wp-content\/uploads\/2021\/01\/24-scaled-300x300.jpg\" alt=\"\" width=\"300\" height=\"300\" \/>\t\t\t\t\t\t\t\t\t\t\t\t\t<\/div>\n\t\t\t\t\t<div class=\"edgtf-gallery-image\">\n\t\t\t\t\t\t\t\t\t\t\t\t\t\t\t<img loading=\"lazy\" decoding=\"async\" src=\"https:\/\/hicontract.brugnottogroup.it\/wp-content\/uploads\/2021\/01\/hicontract_bw-300x300.jpg\" alt=\"\" width=\"300\" height=\"300\" \/>\t\t\t\t\t\t\t\t\t\t\t\t\t<\/div>\n\t\t\t<\/div>\n<\/div>[vc_empty_space height=&#8221;50px&#8221;]<div class=\"edgtf-st\">\n\t<div class=\"edgtf-st-inner\">\n        <div class=\"edgtf-st-title-holder\">\n            <h2 class=\"edgtf-st-title\" style=\"color: #50525a;font-size: 30px\">\n                <span>N\u00d4TRE PRODUCTION<\/span>\n            <\/h2>\n        <\/div>\n        <div class=\"edgtf-separator-holder clearfix  edgtf-separator-center\">\n\t<div class=\"edgtf-separator\" style=\"margin-top: 10px;margin-bottom: 10px\"><\/div>\n<\/div>\n\t\t<div class=\"edgtf-st-text-holder\" >\n            <span class=\"edgtf-st-text-text\"><\/p>\n<p style=\"color: #50525a;\">Notre production est enti\u00e8rement Made in Italy, dans nos usines au coeur de la V\u00e9n\u00e9tie. Des machines d\u2019avant-garde associ\u00e9es \u00e0 quarante ans d\u2019exp\u00e9rience dans le traitement des mat\u00e9riaux les plus pr\u00e9cieux nous permettent de r\u00e9aliser m\u00eame les projets les plus audacieux.<\/p>\n<p><\/span>\n\t\t<\/div>\n\t<\/div>\n<\/div>[vc_empty_space height=&#8221;30px&#8221;]<a href=\"https:\/\/hicontract.brugnottogroup.it\/fr\/contract\/\" target=\"_self\"  class=\"edgtf-btn edgtf-btn-medium edgtf-btn-solid\"  >\n   \t        \t<span class=\"edgtf-btn-text\">CONTRAT ITALIEN \u00c0 100%<\/span>\n        <\/a>[\/vc_column_inner][\/vc_row_inner][\/vc_column][\/vc_row]<\/p>\n<\/section>","protected":false},"excerpt":{"rendered":"<p>[vc_row content_width=&#8221;grid&#8221; css=&#8221;.vc_custom_1530094256791{padding-top: 50px !important;padding-bottom: 50px !important;}&#8221;][vc_column][vc_row_inner][vc_column_inner][vc_empty_space height=&#8221;50px&#8221;][vc_empty_space height=&#8221;30px&#8221;][\/vc_column_inner][\/vc_row_inner][\/vc_column][\/vc_row][vc_row content_width=&#8221;grid&#8221; css=&#8221;.vc_custom_1519905602992{padding-top: 50px !important;padding-bottom: 100px !important;}&#8221;][vc_column][vc_row_inner][vc_column_inner][vc_empty_space height=&#8221;50px&#8221;][vc_empty_space height=&#8221;30px&#8221;][\/vc_column_inner][\/vc_row_inner][\/vc_column][\/vc_row][vc_row content_width=&#8221;grid&#8221; css=&#8221;.vc_custom_1519905602992{padding-top: 50px !important;padding-bottom: 100px !important;}&#8221;][vc_column][vc_row_inner][vc_column_inner][vc_empty_space height=&#8221;50px&#8221;][vc_empty_space height=&#8221;30px&#8221;][\/vc_column_inner][\/vc_row_inner][\/vc_column][\/vc_row]<\/p>\n","protected":false},"author":1,"featured_media":0,"parent":0,"menu_order":0,"comment_status":"closed","ping_status":"closed","template":"full-width.php","meta":{"_acf_changed":false,"footnotes":""},"class_list":["post-4770","page","type-page","status-publish","hentry"],"acf":[],"yoast_head":"<!-- This site is optimized with the Yoast SEO plugin v27.4 - https:\/\/yoast.com\/product\/yoast-seo-wordpress\/ -->\n<title>Mission &amp; Vision - HI Contract<\/title>\n<meta name=\"robots\" content=\"index, follow, max-snippet:-1, max-image-preview:large, max-video-preview:-1\" \/>\n<link rel=\"canonical\" href=\"https:\/\/hicontract.brugnottogroup.it\/fr\/mission-vision\/\" \/>\n<meta property=\"og:locale\" content=\"fr_FR\" \/>\n<meta property=\"og:type\" content=\"article\" \/>\n<meta property=\"og:title\" content=\"Mission &amp; Vision - HI Contract\" \/>\n<meta property=\"og:description\" content=\"[vc_row content_width=&#8221;grid&#8221; css=&#8221;.vc_custom_1530094256791{padding-top: 50px !important;padding-bottom: 50px !important;}&#8221;][vc_column][vc_row_inner][vc_column_inner][vc_empty_space height=&#8221;50px&#8221;][vc_empty_space height=&#8221;30px&#8221;][\/vc_column_inner][\/vc_row_inner][\/vc_column][\/vc_row][vc_row content_width=&#8221;grid&#8221; css=&#8221;.vc_custom_1519905602992{padding-top: 50px !important;padding-bottom: 100px !important;}&#8221;][vc_column][vc_row_inner][vc_column_inner][vc_empty_space height=&#8221;50px&#8221;][vc_empty_space height=&#8221;30px&#8221;][\/vc_column_inner][\/vc_row_inner][\/vc_column][\/vc_row][vc_row content_width=&#8221;grid&#8221; css=&#8221;.vc_custom_1519905602992{padding-top: 50px !important;padding-bottom: 100px !important;}&#8221;][vc_column][vc_row_inner][vc_column_inner][vc_empty_space height=&#8221;50px&#8221;][vc_empty_space height=&#8221;30px&#8221;][\/vc_column_inner][\/vc_row_inner][\/vc_column][\/vc_row]\" \/>\n<meta property=\"og:url\" content=\"https:\/\/hicontract.brugnottogroup.it\/fr\/mission-vision\/\" \/>\n<meta property=\"og:site_name\" content=\"HI Contract\" \/>\n<meta property=\"article:publisher\" content=\"https:\/\/www.facebook.com\/brugnottohicontract\/\" \/>\n<meta property=\"article:modified_time\" content=\"2024-03-11T11:58:47+00:00\" \/>\n<meta property=\"og:image\" content=\"https:\/\/hicontract.brugnottogroup.it\/wp-content\/uploads\/2018\/02\/HI_620X440.jpg\" \/>\n\t<meta property=\"og:image:width\" content=\"620\" \/>\n\t<meta property=\"og:image:height\" content=\"440\" \/>\n\t<meta property=\"og:image:type\" content=\"image\/jpeg\" \/>\n<meta name=\"twitter:card\" content=\"summary_large_image\" \/>\n<meta name=\"twitter:label1\" content=\"Dur\u00e9e de lecture estim\u00e9e\" \/>\n\t<meta name=\"twitter:data1\" content=\"4 minutes\" \/>\n<script type=\"application\/ld+json\" class=\"yoast-schema-graph\">{\"@context\":\"https:\\\/\\\/schema.org\",\"@graph\":[{\"@type\":\"WebPage\",\"@id\":\"https:\\\/\\\/hicontract.brugnottogroup.it\\\/fr\\\/mission-vision\\\/\",\"url\":\"https:\\\/\\\/hicontract.brugnottogroup.it\\\/fr\\\/mission-vision\\\/\",\"name\":\"Mission & Vision - HI Contract\",\"isPartOf\":{\"@id\":\"https:\\\/\\\/hicontract.brugnottogroup.it\\\/#website\"},\"datePublished\":\"2018-03-28T11:41:39+00:00\",\"dateModified\":\"2024-03-11T11:58:47+00:00\",\"breadcrumb\":{\"@id\":\"https:\\\/\\\/hicontract.brugnottogroup.it\\\/fr\\\/mission-vision\\\/#breadcrumb\"},\"inLanguage\":\"fr-FR\",\"potentialAction\":[{\"@type\":\"ReadAction\",\"target\":[\"https:\\\/\\\/hicontract.brugnottogroup.it\\\/fr\\\/mission-vision\\\/\"]}]},{\"@type\":\"BreadcrumbList\",\"@id\":\"https:\\\/\\\/hicontract.brugnottogroup.it\\\/fr\\\/mission-vision\\\/#breadcrumb\",\"itemListElement\":[{\"@type\":\"ListItem\",\"position\":1,\"name\":\"Home\",\"item\":\"https:\\\/\\\/hicontract.brugnottogroup.it\\\/fr\\\/\"},{\"@type\":\"ListItem\",\"position\":2,\"name\":\"Mission &#038; Vision\"}]},{\"@type\":\"WebSite\",\"@id\":\"https:\\\/\\\/hicontract.brugnottogroup.it\\\/#website\",\"url\":\"https:\\\/\\\/hicontract.brugnottogroup.it\\\/\",\"name\":\"Hi Contract Brugnotto Group\",\"description\":\"Innovative Interior and Design Makers\",\"publisher\":{\"@id\":\"https:\\\/\\\/hicontract.brugnottogroup.it\\\/#organization\"},\"potentialAction\":[{\"@type\":\"SearchAction\",\"target\":{\"@type\":\"EntryPoint\",\"urlTemplate\":\"https:\\\/\\\/hicontract.brugnottogroup.it\\\/?s={search_term_string}\"},\"query-input\":{\"@type\":\"PropertyValueSpecification\",\"valueRequired\":true,\"valueName\":\"search_term_string\"}}],\"inLanguage\":\"fr-FR\"},{\"@type\":\"Organization\",\"@id\":\"https:\\\/\\\/hicontract.brugnottogroup.it\\\/#organization\",\"name\":\"Hi Contract\",\"url\":\"https:\\\/\\\/hicontract.brugnottogroup.it\\\/\",\"logo\":{\"@type\":\"ImageObject\",\"inLanguage\":\"fr-FR\",\"@id\":\"https:\\\/\\\/hicontract.brugnottogroup.it\\\/#\\\/schema\\\/logo\\\/image\\\/\",\"url\":\"https:\\\/\\\/hicontract.brugnottogroup.it\\\/wp-content\\\/uploads\\\/2022\\\/04\\\/hi-contract-vert-black.jpg\",\"contentUrl\":\"https:\\\/\\\/hicontract.brugnottogroup.it\\\/wp-content\\\/uploads\\\/2022\\\/04\\\/hi-contract-vert-black.jpg\",\"width\":1417,\"height\":752,\"caption\":\"Hi Contract\"},\"image\":{\"@id\":\"https:\\\/\\\/hicontract.brugnottogroup.it\\\/#\\\/schema\\\/logo\\\/image\\\/\"},\"sameAs\":[\"https:\\\/\\\/www.facebook.com\\\/brugnottohicontract\\\/\",\"https:\\\/\\\/www.instagram.com\\\/hicontract_brugnotto\\\/\",\"https:\\\/\\\/www.linkedin.com\\\/showcase\\\/brugnotto-hi-contract\"]}]}<\/script>\n<!-- \/ Yoast SEO plugin. -->","yoast_head_json":{"title":"Mission & Vision - HI Contract","robots":{"index":"index","follow":"follow","max-snippet":"max-snippet:-1","max-image-preview":"max-image-preview:large","max-video-preview":"max-video-preview:-1"},"canonical":"https:\/\/hicontract.brugnottogroup.it\/fr\/mission-vision\/","og_locale":"fr_FR","og_type":"article","og_title":"Mission & Vision - HI Contract","og_description":"[vc_row content_width=&#8221;grid&#8221; css=&#8221;.vc_custom_1530094256791{padding-top: 50px !important;padding-bottom: 50px !important;}&#8221;][vc_column][vc_row_inner][vc_column_inner][vc_empty_space height=&#8221;50px&#8221;][vc_empty_space height=&#8221;30px&#8221;][\/vc_column_inner][\/vc_row_inner][\/vc_column][\/vc_row][vc_row content_width=&#8221;grid&#8221; css=&#8221;.vc_custom_1519905602992{padding-top: 50px !important;padding-bottom: 100px !important;}&#8221;][vc_column][vc_row_inner][vc_column_inner][vc_empty_space height=&#8221;50px&#8221;][vc_empty_space height=&#8221;30px&#8221;][\/vc_column_inner][\/vc_row_inner][\/vc_column][\/vc_row][vc_row content_width=&#8221;grid&#8221; css=&#8221;.vc_custom_1519905602992{padding-top: 50px !important;padding-bottom: 100px !important;}&#8221;][vc_column][vc_row_inner][vc_column_inner][vc_empty_space height=&#8221;50px&#8221;][vc_empty_space height=&#8221;30px&#8221;][\/vc_column_inner][\/vc_row_inner][\/vc_column][\/vc_row]","og_url":"https:\/\/hicontract.brugnottogroup.it\/fr\/mission-vision\/","og_site_name":"HI Contract","article_publisher":"https:\/\/www.facebook.com\/brugnottohicontract\/","article_modified_time":"2024-03-11T11:58:47+00:00","og_image":[{"width":620,"height":440,"url":"https:\/\/hicontract.brugnottogroup.it\/wp-content\/uploads\/2018\/02\/HI_620X440.jpg","type":"image\/jpeg"}],"twitter_card":"summary_large_image","twitter_misc":{"Dur\u00e9e de lecture estim\u00e9e":"4 minutes"},"schema":{"@context":"https:\/\/schema.org","@graph":[{"@type":"WebPage","@id":"https:\/\/hicontract.brugnottogroup.it\/fr\/mission-vision\/","url":"https:\/\/hicontract.brugnottogroup.it\/fr\/mission-vision\/","name":"Mission & Vision - HI Contract","isPartOf":{"@id":"https:\/\/hicontract.brugnottogroup.it\/#website"},"datePublished":"2018-03-28T11:41:39+00:00","dateModified":"2024-03-11T11:58:47+00:00","breadcrumb":{"@id":"https:\/\/hicontract.brugnottogroup.it\/fr\/mission-vision\/#breadcrumb"},"inLanguage":"fr-FR","potentialAction":[{"@type":"ReadAction","target":["https:\/\/hicontract.brugnottogroup.it\/fr\/mission-vision\/"]}]},{"@type":"BreadcrumbList","@id":"https:\/\/hicontract.brugnottogroup.it\/fr\/mission-vision\/#breadcrumb","itemListElement":[{"@type":"ListItem","position":1,"name":"Home","item":"https:\/\/hicontract.brugnottogroup.it\/fr\/"},{"@type":"ListItem","position":2,"name":"Mission &#038; Vision"}]},{"@type":"WebSite","@id":"https:\/\/hicontract.brugnottogroup.it\/#website","url":"https:\/\/hicontract.brugnottogroup.it\/","name":"Hi Contract Brugnotto Group","description":"Innovative Interior and Design Makers","publisher":{"@id":"https:\/\/hicontract.brugnottogroup.it\/#organization"},"potentialAction":[{"@type":"SearchAction","target":{"@type":"EntryPoint","urlTemplate":"https:\/\/hicontract.brugnottogroup.it\/?s={search_term_string}"},"query-input":{"@type":"PropertyValueSpecification","valueRequired":true,"valueName":"search_term_string"}}],"inLanguage":"fr-FR"},{"@type":"Organization","@id":"https:\/\/hicontract.brugnottogroup.it\/#organization","name":"Hi Contract","url":"https:\/\/hicontract.brugnottogroup.it\/","logo":{"@type":"ImageObject","inLanguage":"fr-FR","@id":"https:\/\/hicontract.brugnottogroup.it\/#\/schema\/logo\/image\/","url":"https:\/\/hicontract.brugnottogroup.it\/wp-content\/uploads\/2022\/04\/hi-contract-vert-black.jpg","contentUrl":"https:\/\/hicontract.brugnottogroup.it\/wp-content\/uploads\/2022\/04\/hi-contract-vert-black.jpg","width":1417,"height":752,"caption":"Hi Contract"},"image":{"@id":"https:\/\/hicontract.brugnottogroup.it\/#\/schema\/logo\/image\/"},"sameAs":["https:\/\/www.facebook.com\/brugnottohicontract\/","https:\/\/www.instagram.com\/hicontract_brugnotto\/","https:\/\/www.linkedin.com\/showcase\/brugnotto-hi-contract"]}]}},"_links":{"self":[{"href":"https:\/\/hicontract.brugnottogroup.it\/fr\/wp-json\/wp\/v2\/pages\/4770","targetHints":{"allow":["GET"]}}],"collection":[{"href":"https:\/\/hicontract.brugnottogroup.it\/fr\/wp-json\/wp\/v2\/pages"}],"about":[{"href":"https:\/\/hicontract.brugnottogroup.it\/fr\/wp-json\/wp\/v2\/types\/page"}],"author":[{"embeddable":true,"href":"https:\/\/hicontract.brugnottogroup.it\/fr\/wp-json\/wp\/v2\/users\/1"}],"replies":[{"embeddable":true,"href":"https:\/\/hicontract.brugnottogroup.it\/fr\/wp-json\/wp\/v2\/comments?post=4770"}],"version-history":[{"count":11,"href":"https:\/\/hicontract.brugnottogroup.it\/fr\/wp-json\/wp\/v2\/pages\/4770\/revisions"}],"predecessor-version":[{"id":10345,"href":"https:\/\/hicontract.brugnottogroup.it\/fr\/wp-json\/wp\/v2\/pages\/4770\/revisions\/10345"}],"wp:attachment":[{"href":"https:\/\/hicontract.brugnottogroup.it\/fr\/wp-json\/wp\/v2\/media?parent=4770"}],"curies":[{"name":"wp","href":"https:\/\/api.w.org\/{rel}","templated":true}]}}