{"id":4831,"date":"2018-03-28T15:50:07","date_gmt":"2018-03-28T13:50:07","guid":{"rendered":"https:\/\/hicontract.brugnottogroup.it\/?page_id=4831"},"modified":"2023-01-26T14:38:41","modified_gmt":"2023-01-26T13:38:41","slug":"grands-projets","status":"publish","type":"page","link":"https:\/\/hicontract.brugnottogroup.it\/fr\/projets\/grands-projets\/","title":{"rendered":"Grands Projets"},"content":{"rendered":"<section class=\"wpb-content-wrapper\"><p>[vc_row content_width=&#8221;grid&#8221; content_aligment=&#8221;center&#8221; css=&#8221;.vc_custom_1519732442817{padding-top: 50px !important;padding-bottom: 25px !important;}&#8221;][vc_column][vc_column_text]Flexibilit\u00e9 d\u2019ex\u00e9cution, efficacit\u00e9 de la production et exp\u00e9rience de collaboration sur des projets complexes, sont les comp\u00e9tences que HI Contract a su ma\u00eetriser en contribuant \u00e0 la r\u00e9alisation de grandes projets sign\u00e9s par des architectes prestigieux, reconnus pour leur esprit d\u2019innovation et pour l\u2019\u00e9quilibre des formes architecturales.[\/vc_column_text][\/vc_column][\/vc_row][vc_row][vc_column]<div class = \"edgtf-portfolio-list-holder-outer edgtf-ptf-gallery edgtf-ptf-three-columns edgtf-with-space edgtf-ptf-on-holder-with-space edgtf-shader\" data-next-page= 2 data-type= gallery data-space= yes data-gallery-hover-type= shader data-columns= 3 data-grid-size= three data-order-by= date data-order= DESC data-number= -1 data-image-size= landscape data-filter= no data-filter-order-by= name data-change-layout= no data-category= major-projects-fr data-show-load-more= no data-title-tag= h4 data-max-num-pages = 0><div class = \"edgtf-portfolio-list-holder clearfix\" >\n<article class=\"edgtf-portfolio-item mix portfolio_category_158\" >\n\t<a class =\"edgtf-portfolio-link\" href=\"https:\/\/hicontract.brugnottogroup.it\/fr\/portfolio-item\/exotique-principaute-monaco\/\"><\/a>\n\t<div class = \"edgtf-item-image-holder\">\n\t<img loading=\"lazy\" decoding=\"async\" width=\"800\" height=\"600\" src=\"https:\/\/hicontract.brugnottogroup.it\/wp-content\/uploads\/2025\/02\/Lexotique_0008-800x600.jpg\" class=\"attachment-conall_edge_landscape size-conall_edge_landscape wp-post-image\" alt=\"\" srcset=\"https:\/\/hicontract.brugnottogroup.it\/wp-content\/uploads\/2025\/02\/Lexotique_0008-800x600.jpg 800w, https:\/\/hicontract.brugnottogroup.it\/wp-content\/uploads\/2025\/02\/Lexotique_0008-300x225.jpg 300w, https:\/\/hicontract.brugnottogroup.it\/wp-content\/uploads\/2025\/02\/Lexotique_0008-1024x768.jpg 1024w, https:\/\/hicontract.brugnottogroup.it\/wp-content\/uploads\/2025\/02\/Lexotique_0008-768x576.jpg 768w, https:\/\/hicontract.brugnottogroup.it\/wp-content\/uploads\/2025\/02\/Lexotique_0008-1536x1152.jpg 1536w, https:\/\/hicontract.brugnottogroup.it\/wp-content\/uploads\/2025\/02\/Lexotique_0008-1600x1200.jpg 1600w, https:\/\/hicontract.brugnottogroup.it\/wp-content\/uploads\/2025\/02\/Lexotique_0008-1100x825.jpg 1100w, https:\/\/hicontract.brugnottogroup.it\/wp-content\/uploads\/2025\/02\/Lexotique_0008-76x58.jpg 76w, https:\/\/hicontract.brugnottogroup.it\/wp-content\/uploads\/2025\/02\/Lexotique_0008.jpg 1728w\" sizes=\"auto, (max-width: 800px) 100vw, 800px\" \/>\t\t\t\t\n\t<\/div>\n\t<div class=\"edgtf-item-text-overlay\">\n\t\t<div class=\"edgtf-item-text-overlay-inner\">\n\t\t\t<div class=\"edgtf-item-text-holder\">\n\t\t\t\t<h4 class=\"edgtf-item-title\" >\n\t\t\t\t\tL\u2019Exotique\t\t\t\t<\/h4>\t\n\t\t\t\t<div class=\"edgtf-ptf-category-holder\"><span class=\"edgtf-ptf-category\"><span> | <\/span><span>Grands Projets<\/span><\/span><\/div>\t\t\t<\/div>\n\t\t<\/div>\t\n\t<\/div>\n<\/article>\n\n<article class=\"edgtf-portfolio-item mix portfolio_category_158 portfolio_category_143\" >\n\t<a class =\"edgtf-portfolio-link\" href=\"https:\/\/hicontract.brugnottogroup.it\/fr\/portfolio-item\/palais-de-la-plage\/\"><\/a>\n\t<div class = \"edgtf-item-image-holder\">\n\t<img loading=\"lazy\" decoding=\"async\" width=\"800\" height=\"600\" src=\"https:\/\/hicontract.brugnottogroup.it\/wp-content\/uploads\/2021\/05\/Palais-de-la-Plage-Montecarlo-012-800x600.jpg\" class=\"attachment-conall_edge_landscape size-conall_edge_landscape wp-post-image\" alt=\"\" srcset=\"https:\/\/hicontract.brugnottogroup.it\/wp-content\/uploads\/2021\/05\/Palais-de-la-Plage-Montecarlo-012-800x600.jpg 800w, https:\/\/hicontract.brugnottogroup.it\/wp-content\/uploads\/2021\/05\/Palais-de-la-Plage-Montecarlo-012-300x225.jpg 300w, https:\/\/hicontract.brugnottogroup.it\/wp-content\/uploads\/2021\/05\/Palais-de-la-Plage-Montecarlo-012-1024x768.jpg 1024w, https:\/\/hicontract.brugnottogroup.it\/wp-content\/uploads\/2021\/05\/Palais-de-la-Plage-Montecarlo-012-768x576.jpg 768w, https:\/\/hicontract.brugnottogroup.it\/wp-content\/uploads\/2021\/05\/Palais-de-la-Plage-Montecarlo-012-1536x1152.jpg 1536w, https:\/\/hicontract.brugnottogroup.it\/wp-content\/uploads\/2021\/05\/Palais-de-la-Plage-Montecarlo-012.jpg 1600w, https:\/\/hicontract.brugnottogroup.it\/wp-content\/uploads\/2021\/05\/Palais-de-la-Plage-Montecarlo-012-1100x825.jpg 1100w, https:\/\/hicontract.brugnottogroup.it\/wp-content\/uploads\/2021\/05\/Palais-de-la-Plage-Montecarlo-012-76x58.jpg 76w\" sizes=\"auto, (max-width: 800px) 100vw, 800px\" \/>\t\t\t\t\n\t<\/div>\n\t<div class=\"edgtf-item-text-overlay\">\n\t\t<div class=\"edgtf-item-text-overlay-inner\">\n\t\t\t<div class=\"edgtf-item-text-holder\">\n\t\t\t\t<h4 class=\"edgtf-item-title\" >\n\t\t\t\t\tPalais de la Plage\t\t\t\t<\/h4>\t\n\t\t\t\t<div class=\"edgtf-ptf-category-holder\"><span class=\"edgtf-ptf-category\"><span> | <\/span><span>Grands Projets<\/span><\/span><span class=\"edgtf-ptf-category\"><span> | <\/span><span>Maisons priv\u00e9es<\/span><\/span><\/div>\t\t\t<\/div>\n\t\t<\/div>\t\n\t<\/div>\n<\/article>\n\n<article class=\"edgtf-portfolio-item mix portfolio_category_158\" >\n\t<a class =\"edgtf-portfolio-link\" href=\"https:\/\/hicontract.brugnottogroup.it\/fr\/portfolio-item\/les-jardins-apolline-principaute-de-monaco\/\"><\/a>\n\t<div class = \"edgtf-item-image-holder\">\n\t<img loading=\"lazy\" decoding=\"async\" width=\"800\" height=\"600\" src=\"https:\/\/hicontract.brugnottogroup.it\/wp-content\/uploads\/2025\/02\/apolline-1-800x600.jpg\" class=\"attachment-conall_edge_landscape size-conall_edge_landscape wp-post-image\" alt=\"\" srcset=\"https:\/\/hicontract.brugnottogroup.it\/wp-content\/uploads\/2025\/02\/apolline-1-800x600.jpg 800w, https:\/\/hicontract.brugnottogroup.it\/wp-content\/uploads\/2025\/02\/apolline-1-76x58.jpg 76w\" sizes=\"auto, (max-width: 800px) 100vw, 800px\" \/>\t\t\t\t\n\t<\/div>\n\t<div class=\"edgtf-item-text-overlay\">\n\t\t<div class=\"edgtf-item-text-overlay-inner\">\n\t\t\t<div class=\"edgtf-item-text-holder\">\n\t\t\t\t<h4 class=\"edgtf-item-title\" >\n\t\t\t\t\tLes Jardins d\u2019Apolline\t\t\t\t<\/h4>\t\n\t\t\t\t<div class=\"edgtf-ptf-category-holder\"><span class=\"edgtf-ptf-category\"><span> | <\/span><span>Grands Projets<\/span><\/span><\/div>\t\t\t<\/div>\n\t\t<\/div>\t\n\t<\/div>\n<\/article>\n\n<article class=\"edgtf-portfolio-item mix portfolio_category_158\" >\n\t<a class =\"edgtf-portfolio-link\" href=\"https:\/\/hicontract.brugnottogroup.it\/fr\/portfolio-item\/picapeira-principaute-monaco\/\"><\/a>\n\t<div class = \"edgtf-item-image-holder\">\n\t<img loading=\"lazy\" decoding=\"async\" width=\"800\" height=\"600\" src=\"https:\/\/hicontract.brugnottogroup.it\/wp-content\/uploads\/2025\/02\/Picapeira-1-800x600.jpg\" class=\"attachment-conall_edge_landscape size-conall_edge_landscape wp-post-image\" alt=\"\" srcset=\"https:\/\/hicontract.brugnottogroup.it\/wp-content\/uploads\/2025\/02\/Picapeira-1-800x600.jpg 800w, https:\/\/hicontract.brugnottogroup.it\/wp-content\/uploads\/2025\/02\/Picapeira-1-76x58.jpg 76w\" sizes=\"auto, (max-width: 800px) 100vw, 800px\" \/>\t\t\t\t\n\t<\/div>\n\t<div class=\"edgtf-item-text-overlay\">\n\t\t<div class=\"edgtf-item-text-overlay-inner\">\n\t\t\t<div class=\"edgtf-item-text-holder\">\n\t\t\t\t<h4 class=\"edgtf-item-title\" >\n\t\t\t\t\tPicapeira\t\t\t\t<\/h4>\t\n\t\t\t\t<div class=\"edgtf-ptf-category-holder\"><span class=\"edgtf-ptf-category\"><span> | <\/span><span>Grands Projets<\/span><\/span><\/div>\t\t\t<\/div>\n\t\t<\/div>\t\n\t<\/div>\n<\/article>\n\n<article class=\"edgtf-portfolio-item mix portfolio_category_158\" >\n\t<a class =\"edgtf-portfolio-link\" href=\"https:\/\/hicontract.brugnottogroup.it\/fr\/portfolio-item\/la-stella-2\/\"><\/a>\n\t<div class = \"edgtf-item-image-holder\">\n\t<img loading=\"lazy\" decoding=\"async\" width=\"800\" height=\"600\" src=\"https:\/\/hicontract.brugnottogroup.it\/wp-content\/uploads\/2019\/07\/IMG-6184-800x600.jpg\" class=\"attachment-conall_edge_landscape size-conall_edge_landscape wp-post-image\" alt=\"\" srcset=\"https:\/\/hicontract.brugnottogroup.it\/wp-content\/uploads\/2019\/07\/IMG-6184-800x600.jpg 800w, https:\/\/hicontract.brugnottogroup.it\/wp-content\/uploads\/2019\/07\/IMG-6184-300x225.jpg 300w, https:\/\/hicontract.brugnottogroup.it\/wp-content\/uploads\/2019\/07\/IMG-6184-768x576.jpg 768w, https:\/\/hicontract.brugnottogroup.it\/wp-content\/uploads\/2019\/07\/IMG-6184-1024x768.jpg 1024w, https:\/\/hicontract.brugnottogroup.it\/wp-content\/uploads\/2019\/07\/IMG-6184-1600x1200.jpg 1600w, https:\/\/hicontract.brugnottogroup.it\/wp-content\/uploads\/2019\/07\/IMG-6184-1100x825.jpg 1100w, https:\/\/hicontract.brugnottogroup.it\/wp-content\/uploads\/2019\/07\/IMG-6184-76x58.jpg 76w\" sizes=\"auto, (max-width: 800px) 100vw, 800px\" \/>\t\t\t\t\n\t<\/div>\n\t<div class=\"edgtf-item-text-overlay\">\n\t\t<div class=\"edgtf-item-text-overlay-inner\">\n\t\t\t<div class=\"edgtf-item-text-holder\">\n\t\t\t\t<h4 class=\"edgtf-item-title\" >\n\t\t\t\t\tLa Stella\t\t\t\t<\/h4>\t\n\t\t\t\t<div class=\"edgtf-ptf-category-holder\"><span class=\"edgtf-ptf-category\"><span> | <\/span><span>Grands Projets<\/span><\/span><\/div>\t\t\t<\/div>\n\t\t<\/div>\t\n\t<\/div>\n<\/article>\n<div class='edgtf-gap'><\/div>\n<div class='edgtf-gap'><\/div>\n<div class='edgtf-gap'><\/div>\n<\/div><\/div>[\/vc_column][\/vc_row][vc_row content_width=&#8221;grid&#8221; content_aligment=&#8221;center&#8221; css=&#8221;.vc_custom_1519732458983{padding-top: 25px !important;padding-bottom: 50px !important;}&#8221;][vc_column][vc_column_text]<\/p>\n<h3>ALL PROJECTS<\/h3>\n<p style=\"font-size: 18px;\">PALAIS DE LA PLAGE \/ <a href=\"https:\/\/hicontract.brugnottogroup.it\/fr\/portfolio-item\/la-stella\/\">LA STELLA<\/a> \/ LEVALDIGI AIRPORT \/ <a href=\"https:\/\/hicontract.brugnottogroup.it\/fr\/portfolio-item\/heydar-aliyev-centre\">HEYDAR ALIYEV CENTRE<\/a> \/ <a href=\"https:\/\/hicontract.brugnottogroup.it\/fr\/portfolio-item\/azerbaijan-diplomatic-academy\">AZERBAIJAN DIPLOMATIC ACADEMY<\/a> \/ QUBA SOYKIRIM MEMORIAL KOMPLEKSI<\/p>\n<p>[\/vc_column_text][\/vc_column][\/vc_row]<\/p>\n<\/section>","protected":false},"excerpt":{"rendered":"<p>[vc_row content_width=&#8221;grid&#8221; content_aligment=&#8221;center&#8221; css=&#8221;.vc_custom_1519732442817{padding-top: 50px !important;padding-bottom: 25px !important;}&#8221;][vc_column][vc_column_text]Flexibilit\u00e9 d\u2019ex\u00e9cution, efficacit\u00e9 de la production et exp\u00e9rience de collaboration sur des projets complexes, sont les comp\u00e9tences que HI Contract a su ma\u00eetriser en contribuant \u00e0 la r\u00e9alisation de grandes projets sign\u00e9s par des architectes prestigieux, reconnus pour [&hellip;]<\/p>\n","protected":false},"author":1,"featured_media":0,"parent":4772,"menu_order":0,"comment_status":"closed","ping_status":"closed","template":"full-width.php","meta":{"_acf_changed":false,"footnotes":""},"class_list":["post-4831","page","type-page","status-publish","hentry"],"acf":[],"yoast_head":"<!-- This site is optimized with the Yoast SEO plugin v27.4 - https:\/\/yoast.com\/product\/yoast-seo-wordpress\/ -->\n<title>Grands Projets - HI Contract<\/title>\n<meta name=\"robots\" content=\"index, follow, max-snippet:-1, max-image-preview:large, max-video-preview:-1\" \/>\n<link rel=\"canonical\" href=\"https:\/\/hicontract.brugnottogroup.it\/fr\/projets\/grands-projets\/\" \/>\n<meta property=\"og:locale\" content=\"fr_FR\" \/>\n<meta property=\"og:type\" content=\"article\" \/>\n<meta property=\"og:title\" content=\"Grands Projets - HI Contract\" \/>\n<meta property=\"og:description\" content=\"[vc_row content_width=&#8221;grid&#8221; content_aligment=&#8221;center&#8221; css=&#8221;.vc_custom_1519732442817{padding-top: 50px !important;padding-bottom: 25px !important;}&#8221;][vc_column][vc_column_text]Flexibilit\u00e9 d\u2019ex\u00e9cution, efficacit\u00e9 de la production et exp\u00e9rience de collaboration sur des projets complexes, sont les comp\u00e9tences que HI Contract a su ma\u00eetriser en contribuant \u00e0 la r\u00e9alisation de grandes projets sign\u00e9s par des architectes prestigieux, reconnus pour [&hellip;]\" \/>\n<meta property=\"og:url\" content=\"https:\/\/hicontract.brugnottogroup.it\/fr\/projets\/grands-projets\/\" \/>\n<meta property=\"og:site_name\" content=\"HI Contract\" \/>\n<meta property=\"article:publisher\" content=\"https:\/\/www.facebook.com\/brugnottohicontract\/\" \/>\n<meta property=\"article:modified_time\" content=\"2023-01-26T13:38:41+00:00\" \/>\n<meta property=\"og:image\" content=\"https:\/\/hicontract.brugnottogroup.it\/wp-content\/uploads\/2018\/02\/HI_620X440.jpg\" \/>\n\t<meta property=\"og:image:width\" content=\"620\" \/>\n\t<meta property=\"og:image:height\" content=\"440\" \/>\n\t<meta property=\"og:image:type\" content=\"image\/jpeg\" \/>\n<meta name=\"twitter:card\" content=\"summary_large_image\" \/>\n<meta name=\"twitter:label1\" content=\"Dur\u00e9e de lecture estim\u00e9e\" \/>\n\t<meta name=\"twitter:data1\" content=\"1 minute\" \/>\n<script type=\"application\/ld+json\" class=\"yoast-schema-graph\">{\"@context\":\"https:\\\/\\\/schema.org\",\"@graph\":[{\"@type\":\"WebPage\",\"@id\":\"https:\\\/\\\/hicontract.brugnottogroup.it\\\/fr\\\/projets\\\/grands-projets\\\/\",\"url\":\"https:\\\/\\\/hicontract.brugnottogroup.it\\\/fr\\\/projets\\\/grands-projets\\\/\",\"name\":\"Grands Projets - HI Contract\",\"isPartOf\":{\"@id\":\"https:\\\/\\\/hicontract.brugnottogroup.it\\\/#website\"},\"datePublished\":\"2018-03-28T13:50:07+00:00\",\"dateModified\":\"2023-01-26T13:38:41+00:00\",\"breadcrumb\":{\"@id\":\"https:\\\/\\\/hicontract.brugnottogroup.it\\\/fr\\\/projets\\\/grands-projets\\\/#breadcrumb\"},\"inLanguage\":\"fr-FR\",\"potentialAction\":[{\"@type\":\"ReadAction\",\"target\":[\"https:\\\/\\\/hicontract.brugnottogroup.it\\\/fr\\\/projets\\\/grands-projets\\\/\"]}]},{\"@type\":\"BreadcrumbList\",\"@id\":\"https:\\\/\\\/hicontract.brugnottogroup.it\\\/fr\\\/projets\\\/grands-projets\\\/#breadcrumb\",\"itemListElement\":[{\"@type\":\"ListItem\",\"position\":1,\"name\":\"Home\",\"item\":\"https:\\\/\\\/hicontract.brugnottogroup.it\\\/fr\\\/\"},{\"@type\":\"ListItem\",\"position\":2,\"name\":\"Projets\",\"item\":\"https:\\\/\\\/hicontract.brugnottogroup.it\\\/fr\\\/projets\\\/\"},{\"@type\":\"ListItem\",\"position\":3,\"name\":\"Grands Projets\"}]},{\"@type\":\"WebSite\",\"@id\":\"https:\\\/\\\/hicontract.brugnottogroup.it\\\/#website\",\"url\":\"https:\\\/\\\/hicontract.brugnottogroup.it\\\/\",\"name\":\"Hi Contract Brugnotto Group\",\"description\":\"Innovative Interior and Design Makers\",\"publisher\":{\"@id\":\"https:\\\/\\\/hicontract.brugnottogroup.it\\\/#organization\"},\"potentialAction\":[{\"@type\":\"SearchAction\",\"target\":{\"@type\":\"EntryPoint\",\"urlTemplate\":\"https:\\\/\\\/hicontract.brugnottogroup.it\\\/?s={search_term_string}\"},\"query-input\":{\"@type\":\"PropertyValueSpecification\",\"valueRequired\":true,\"valueName\":\"search_term_string\"}}],\"inLanguage\":\"fr-FR\"},{\"@type\":\"Organization\",\"@id\":\"https:\\\/\\\/hicontract.brugnottogroup.it\\\/#organization\",\"name\":\"Hi Contract\",\"url\":\"https:\\\/\\\/hicontract.brugnottogroup.it\\\/\",\"logo\":{\"@type\":\"ImageObject\",\"inLanguage\":\"fr-FR\",\"@id\":\"https:\\\/\\\/hicontract.brugnottogroup.it\\\/#\\\/schema\\\/logo\\\/image\\\/\",\"url\":\"https:\\\/\\\/hicontract.brugnottogroup.it\\\/wp-content\\\/uploads\\\/2022\\\/04\\\/hi-contract-vert-black.jpg\",\"contentUrl\":\"https:\\\/\\\/hicontract.brugnottogroup.it\\\/wp-content\\\/uploads\\\/2022\\\/04\\\/hi-contract-vert-black.jpg\",\"width\":1417,\"height\":752,\"caption\":\"Hi Contract\"},\"image\":{\"@id\":\"https:\\\/\\\/hicontract.brugnottogroup.it\\\/#\\\/schema\\\/logo\\\/image\\\/\"},\"sameAs\":[\"https:\\\/\\\/www.facebook.com\\\/brugnottohicontract\\\/\",\"https:\\\/\\\/www.instagram.com\\\/hicontract_brugnotto\\\/\",\"https:\\\/\\\/www.linkedin.com\\\/showcase\\\/brugnotto-hi-contract\"]}]}<\/script>\n<!-- \/ Yoast SEO plugin. -->","yoast_head_json":{"title":"Grands Projets - HI Contract","robots":{"index":"index","follow":"follow","max-snippet":"max-snippet:-1","max-image-preview":"max-image-preview:large","max-video-preview":"max-video-preview:-1"},"canonical":"https:\/\/hicontract.brugnottogroup.it\/fr\/projets\/grands-projets\/","og_locale":"fr_FR","og_type":"article","og_title":"Grands Projets - HI Contract","og_description":"[vc_row content_width=&#8221;grid&#8221; content_aligment=&#8221;center&#8221; css=&#8221;.vc_custom_1519732442817{padding-top: 50px !important;padding-bottom: 25px !important;}&#8221;][vc_column][vc_column_text]Flexibilit\u00e9 d\u2019ex\u00e9cution, efficacit\u00e9 de la production et exp\u00e9rience de collaboration sur des projets complexes, sont les comp\u00e9tences que HI Contract a su ma\u00eetriser en contribuant \u00e0 la r\u00e9alisation de grandes projets sign\u00e9s par des architectes prestigieux, reconnus pour [&hellip;]","og_url":"https:\/\/hicontract.brugnottogroup.it\/fr\/projets\/grands-projets\/","og_site_name":"HI Contract","article_publisher":"https:\/\/www.facebook.com\/brugnottohicontract\/","article_modified_time":"2023-01-26T13:38:41+00:00","og_image":[{"width":620,"height":440,"url":"https:\/\/hicontract.brugnottogroup.it\/wp-content\/uploads\/2018\/02\/HI_620X440.jpg","type":"image\/jpeg"}],"twitter_card":"summary_large_image","twitter_misc":{"Dur\u00e9e de lecture estim\u00e9e":"1 minute"},"schema":{"@context":"https:\/\/schema.org","@graph":[{"@type":"WebPage","@id":"https:\/\/hicontract.brugnottogroup.it\/fr\/projets\/grands-projets\/","url":"https:\/\/hicontract.brugnottogroup.it\/fr\/projets\/grands-projets\/","name":"Grands Projets - HI Contract","isPartOf":{"@id":"https:\/\/hicontract.brugnottogroup.it\/#website"},"datePublished":"2018-03-28T13:50:07+00:00","dateModified":"2023-01-26T13:38:41+00:00","breadcrumb":{"@id":"https:\/\/hicontract.brugnottogroup.it\/fr\/projets\/grands-projets\/#breadcrumb"},"inLanguage":"fr-FR","potentialAction":[{"@type":"ReadAction","target":["https:\/\/hicontract.brugnottogroup.it\/fr\/projets\/grands-projets\/"]}]},{"@type":"BreadcrumbList","@id":"https:\/\/hicontract.brugnottogroup.it\/fr\/projets\/grands-projets\/#breadcrumb","itemListElement":[{"@type":"ListItem","position":1,"name":"Home","item":"https:\/\/hicontract.brugnottogroup.it\/fr\/"},{"@type":"ListItem","position":2,"name":"Projets","item":"https:\/\/hicontract.brugnottogroup.it\/fr\/projets\/"},{"@type":"ListItem","position":3,"name":"Grands Projets"}]},{"@type":"WebSite","@id":"https:\/\/hicontract.brugnottogroup.it\/#website","url":"https:\/\/hicontract.brugnottogroup.it\/","name":"Hi Contract Brugnotto Group","description":"Innovative Interior and Design Makers","publisher":{"@id":"https:\/\/hicontract.brugnottogroup.it\/#organization"},"potentialAction":[{"@type":"SearchAction","target":{"@type":"EntryPoint","urlTemplate":"https:\/\/hicontract.brugnottogroup.it\/?s={search_term_string}"},"query-input":{"@type":"PropertyValueSpecification","valueRequired":true,"valueName":"search_term_string"}}],"inLanguage":"fr-FR"},{"@type":"Organization","@id":"https:\/\/hicontract.brugnottogroup.it\/#organization","name":"Hi Contract","url":"https:\/\/hicontract.brugnottogroup.it\/","logo":{"@type":"ImageObject","inLanguage":"fr-FR","@id":"https:\/\/hicontract.brugnottogroup.it\/#\/schema\/logo\/image\/","url":"https:\/\/hicontract.brugnottogroup.it\/wp-content\/uploads\/2022\/04\/hi-contract-vert-black.jpg","contentUrl":"https:\/\/hicontract.brugnottogroup.it\/wp-content\/uploads\/2022\/04\/hi-contract-vert-black.jpg","width":1417,"height":752,"caption":"Hi Contract"},"image":{"@id":"https:\/\/hicontract.brugnottogroup.it\/#\/schema\/logo\/image\/"},"sameAs":["https:\/\/www.facebook.com\/brugnottohicontract\/","https:\/\/www.instagram.com\/hicontract_brugnotto\/","https:\/\/www.linkedin.com\/showcase\/brugnotto-hi-contract"]}]}},"_links":{"self":[{"href":"https:\/\/hicontract.brugnottogroup.it\/fr\/wp-json\/wp\/v2\/pages\/4831","targetHints":{"allow":["GET"]}}],"collection":[{"href":"https:\/\/hicontract.brugnottogroup.it\/fr\/wp-json\/wp\/v2\/pages"}],"about":[{"href":"https:\/\/hicontract.brugnottogroup.it\/fr\/wp-json\/wp\/v2\/types\/page"}],"author":[{"embeddable":true,"href":"https:\/\/hicontract.brugnottogroup.it\/fr\/wp-json\/wp\/v2\/users\/1"}],"replies":[{"embeddable":true,"href":"https:\/\/hicontract.brugnottogroup.it\/fr\/wp-json\/wp\/v2\/comments?post=4831"}],"version-history":[{"count":5,"href":"https:\/\/hicontract.brugnottogroup.it\/fr\/wp-json\/wp\/v2\/pages\/4831\/revisions"}],"predecessor-version":[{"id":9317,"href":"https:\/\/hicontract.brugnottogroup.it\/fr\/wp-json\/wp\/v2\/pages\/4831\/revisions\/9317"}],"up":[{"embeddable":true,"href":"https:\/\/hicontract.brugnottogroup.it\/fr\/wp-json\/wp\/v2\/pages\/4772"}],"wp:attachment":[{"href":"https:\/\/hicontract.brugnottogroup.it\/fr\/wp-json\/wp\/v2\/media?parent=4831"}],"curies":[{"name":"wp","href":"https:\/\/api.w.org\/{rel}","templated":true}]}}