{"id":4835,"date":"2018-03-28T15:55:23","date_gmt":"2018-03-28T13:55:23","guid":{"rendered":"https:\/\/hicontract.brugnottogroup.it\/?page_id=4835"},"modified":"2023-01-26T14:24:58","modified_gmt":"2023-01-26T13:24:58","slug":"maisons-privees","status":"publish","type":"page","link":"https:\/\/hicontract.brugnottogroup.it\/fr\/projets\/maisons-privees\/","title":{"rendered":"Maisons priv\u00e9es"},"content":{"rendered":"<section class=\"wpb-content-wrapper\"><p>[vc_row content_width=&#8221;grid&#8221; content_aligment=&#8221;center&#8221; css=&#8221;.vc_custom_1519732442817{padding-top: 50px !important;padding-bottom: 25px !important;}&#8221;][vc_column][vc_column_text]Dans le secteur des r\u00e9sidences priv\u00e9es, les exigences de personnalisation sont nombreuses et articul\u00e9es, ainsi que les hommes qui les habitent. En collaboration avec les concepteurs, HI Contract contribue \u00e0 valoriser les caract\u00e9ristiques structurelles des volumes.[\/vc_column_text][\/vc_column][\/vc_row][vc_row][vc_column]<div class = \"edgtf-portfolio-list-holder-outer edgtf-ptf-gallery edgtf-ptf-four-columns edgtf-with-space edgtf-ptf-on-holder-with-space edgtf-shader\" data-next-page= 2 data-type= gallery data-space= yes data-gallery-hover-type= shader data-columns= 4 data-grid-size= three data-order-by= title data-order= ASC data-number= -1 data-image-size= landscape data-filter= no data-filter-order-by= name data-change-layout= no data-category= private-houses-fr data-show-load-more= no data-title-tag= h4 data-max-num-pages = 0><div class = \"edgtf-portfolio-list-holder clearfix\" >\n<article class=\"edgtf-portfolio-item mix portfolio_category_158 portfolio_category_143\" >\n\t<a class =\"edgtf-portfolio-link\" href=\"https:\/\/hicontract.brugnottogroup.it\/fr\/portfolio-item\/palais-de-la-plage\/\"><\/a>\n\t<div class = \"edgtf-item-image-holder\">\n\t<img loading=\"lazy\" decoding=\"async\" width=\"800\" height=\"600\" src=\"https:\/\/hicontract.brugnottogroup.it\/wp-content\/uploads\/2021\/05\/Palais-de-la-Plage-Montecarlo-012-800x600.jpg\" class=\"attachment-conall_edge_landscape size-conall_edge_landscape wp-post-image\" alt=\"\" srcset=\"https:\/\/hicontract.brugnottogroup.it\/wp-content\/uploads\/2021\/05\/Palais-de-la-Plage-Montecarlo-012-800x600.jpg 800w, https:\/\/hicontract.brugnottogroup.it\/wp-content\/uploads\/2021\/05\/Palais-de-la-Plage-Montecarlo-012-300x225.jpg 300w, https:\/\/hicontract.brugnottogroup.it\/wp-content\/uploads\/2021\/05\/Palais-de-la-Plage-Montecarlo-012-1024x768.jpg 1024w, https:\/\/hicontract.brugnottogroup.it\/wp-content\/uploads\/2021\/05\/Palais-de-la-Plage-Montecarlo-012-768x576.jpg 768w, https:\/\/hicontract.brugnottogroup.it\/wp-content\/uploads\/2021\/05\/Palais-de-la-Plage-Montecarlo-012-1536x1152.jpg 1536w, https:\/\/hicontract.brugnottogroup.it\/wp-content\/uploads\/2021\/05\/Palais-de-la-Plage-Montecarlo-012.jpg 1600w, https:\/\/hicontract.brugnottogroup.it\/wp-content\/uploads\/2021\/05\/Palais-de-la-Plage-Montecarlo-012-1100x825.jpg 1100w, https:\/\/hicontract.brugnottogroup.it\/wp-content\/uploads\/2021\/05\/Palais-de-la-Plage-Montecarlo-012-76x58.jpg 76w\" sizes=\"auto, (max-width: 800px) 100vw, 800px\" \/>\t\t\t\t\n\t<\/div>\n\t<div class=\"edgtf-item-text-overlay\">\n\t\t<div class=\"edgtf-item-text-overlay-inner\">\n\t\t\t<div class=\"edgtf-item-text-holder\">\n\t\t\t\t<h4 class=\"edgtf-item-title\" >\n\t\t\t\t\tPalais de la Plage\t\t\t\t<\/h4>\t\n\t\t\t\t<div class=\"edgtf-ptf-category-holder\"><span class=\"edgtf-ptf-category\"><span> | <\/span><span>Grands Projets<\/span><\/span><span class=\"edgtf-ptf-category\"><span> | <\/span><span>Maisons priv\u00e9es<\/span><\/span><\/div>\t\t\t<\/div>\n\t\t<\/div>\t\n\t<\/div>\n<\/article>\n\n<article class=\"edgtf-portfolio-item mix portfolio_category_143\" >\n\t<a class =\"edgtf-portfolio-link\" href=\"https:\/\/hicontract.brugnottogroup.it\/fr\/portfolio-item\/ville-privee-cote-dazur\/\"><\/a>\n\t<div class = \"edgtf-item-image-holder\">\n\t<img loading=\"lazy\" decoding=\"async\" width=\"800\" height=\"600\" src=\"https:\/\/hicontract.brugnottogroup.it\/wp-content\/uploads\/2024\/11\/Villa-Cote-dAzur-5-800x600.jpg\" class=\"attachment-conall_edge_landscape size-conall_edge_landscape wp-post-image\" alt=\"\" srcset=\"https:\/\/hicontract.brugnottogroup.it\/wp-content\/uploads\/2024\/11\/Villa-Cote-dAzur-5-800x600.jpg 800w, https:\/\/hicontract.brugnottogroup.it\/wp-content\/uploads\/2024\/11\/Villa-Cote-dAzur-5-1600x1200.jpg 1600w, https:\/\/hicontract.brugnottogroup.it\/wp-content\/uploads\/2024\/11\/Villa-Cote-dAzur-5-76x58.jpg 76w\" sizes=\"auto, (max-width: 800px) 100vw, 800px\" \/>\t\t\t\t\n\t<\/div>\n\t<div class=\"edgtf-item-text-overlay\">\n\t\t<div class=\"edgtf-item-text-overlay-inner\">\n\t\t\t<div class=\"edgtf-item-text-holder\">\n\t\t\t\t<h4 class=\"edgtf-item-title\" >\n\t\t\t\t\tVille priv\u00e9e\t\t\t\t<\/h4>\t\n\t\t\t\t<div class=\"edgtf-ptf-category-holder\"><span class=\"edgtf-ptf-category\"><span> | <\/span><span>Maisons priv\u00e9es<\/span><\/span><\/div>\t\t\t<\/div>\n\t\t<\/div>\t\n\t<\/div>\n<\/article>\n<div class='edgtf-gap'><\/div>\n<div class='edgtf-gap'><\/div>\n<div class='edgtf-gap'><\/div>\n<div class='edgtf-gap'><\/div>\n<\/div><\/div>[\/vc_column][\/vc_row][vc_row content_width=&#8221;grid&#8221; content_aligment=&#8221;center&#8221; css=&#8221;.vc_custom_1519732458983{padding-top: 25px !important;padding-bottom: 50px !important;}&#8221;][vc_column][vc_column_text]<\/p>\n<h3>ALL PROJECTS<\/h3>\n<p style=\"font-size: 18px;\">VILLA GEN\u00c8VE \/ FORTE DEI MARMI VILLA \/ <a href=\"https:\/\/hicontract.brugnottogroup.it\/fr\/portfolio-item\/shamkir-villa\">SHAMKIR VILLA<\/a> \/ LE GRAND PALAIS &#8211; NICE\u00a0\/ SESTRI LEVANTE VILLA<\/p>\n<p>[\/vc_column_text][\/vc_column][\/vc_row]<\/p>\n<\/section>","protected":false},"excerpt":{"rendered":"<p>[vc_row content_width=&#8221;grid&#8221; content_aligment=&#8221;center&#8221; css=&#8221;.vc_custom_1519732442817{padding-top: 50px !important;padding-bottom: 25px !important;}&#8221;][vc_column][vc_column_text]Dans le secteur des r\u00e9sidences priv\u00e9es, les exigences de personnalisation sont nombreuses et articul\u00e9es, ainsi que les hommes qui les habitent. En collaboration avec les concepteurs, HI Contract contribue \u00e0 valoriser les caract\u00e9ristiques structurelles des volumes.[\/vc_column_text][\/vc_column][\/vc_row][vc_row][vc_column][\/vc_column][\/vc_row][vc_row content_width=&#8221;grid&#8221; content_aligment=&#8221;center&#8221; [&hellip;]<\/p>\n","protected":false},"author":1,"featured_media":0,"parent":4772,"menu_order":0,"comment_status":"closed","ping_status":"closed","template":"full-width.php","meta":{"_acf_changed":false,"footnotes":""},"class_list":["post-4835","page","type-page","status-publish","hentry"],"acf":[],"yoast_head":"<!-- This site is optimized with the Yoast SEO plugin v27.4 - https:\/\/yoast.com\/product\/yoast-seo-wordpress\/ -->\n<title>Maisons priv\u00e9es - HI Contract<\/title>\n<meta name=\"robots\" content=\"index, follow, max-snippet:-1, max-image-preview:large, max-video-preview:-1\" \/>\n<link rel=\"canonical\" href=\"https:\/\/hicontract.brugnottogroup.it\/fr\/projets\/maisons-privees\/\" \/>\n<meta property=\"og:locale\" content=\"fr_FR\" \/>\n<meta property=\"og:type\" content=\"article\" \/>\n<meta property=\"og:title\" content=\"Maisons priv\u00e9es - HI Contract\" \/>\n<meta property=\"og:description\" content=\"[vc_row content_width=&#8221;grid&#8221; content_aligment=&#8221;center&#8221; css=&#8221;.vc_custom_1519732442817{padding-top: 50px !important;padding-bottom: 25px !important;}&#8221;][vc_column][vc_column_text]Dans le secteur des r\u00e9sidences priv\u00e9es, les exigences de personnalisation sont nombreuses et articul\u00e9es, ainsi que les hommes qui les habitent. En collaboration avec les concepteurs, HI Contract contribue \u00e0 valoriser les caract\u00e9ristiques structurelles des volumes.[\/vc_column_text][\/vc_column][\/vc_row][vc_row][vc_column][\/vc_column][\/vc_row][vc_row content_width=&#8221;grid&#8221; content_aligment=&#8221;center&#8221; [&hellip;]\" \/>\n<meta property=\"og:url\" content=\"https:\/\/hicontract.brugnottogroup.it\/fr\/projets\/maisons-privees\/\" \/>\n<meta property=\"og:site_name\" content=\"HI Contract\" \/>\n<meta property=\"article:publisher\" content=\"https:\/\/www.facebook.com\/brugnottohicontract\/\" \/>\n<meta property=\"article:modified_time\" content=\"2023-01-26T13:24:58+00:00\" \/>\n<meta property=\"og:image\" content=\"https:\/\/hicontract.brugnottogroup.it\/wp-content\/uploads\/2018\/02\/HI_620X440.jpg\" \/>\n\t<meta property=\"og:image:width\" content=\"620\" \/>\n\t<meta property=\"og:image:height\" content=\"440\" \/>\n\t<meta property=\"og:image:type\" content=\"image\/jpeg\" \/>\n<meta name=\"twitter:card\" content=\"summary_large_image\" \/>\n<meta name=\"twitter:label1\" content=\"Dur\u00e9e de lecture estim\u00e9e\" \/>\n\t<meta name=\"twitter:data1\" content=\"1 minute\" \/>\n<script type=\"application\/ld+json\" class=\"yoast-schema-graph\">{\"@context\":\"https:\\\/\\\/schema.org\",\"@graph\":[{\"@type\":\"WebPage\",\"@id\":\"https:\\\/\\\/hicontract.brugnottogroup.it\\\/fr\\\/projets\\\/maisons-privees\\\/\",\"url\":\"https:\\\/\\\/hicontract.brugnottogroup.it\\\/fr\\\/projets\\\/maisons-privees\\\/\",\"name\":\"Maisons priv\u00e9es - HI Contract\",\"isPartOf\":{\"@id\":\"https:\\\/\\\/hicontract.brugnottogroup.it\\\/#website\"},\"datePublished\":\"2018-03-28T13:55:23+00:00\",\"dateModified\":\"2023-01-26T13:24:58+00:00\",\"breadcrumb\":{\"@id\":\"https:\\\/\\\/hicontract.brugnottogroup.it\\\/fr\\\/projets\\\/maisons-privees\\\/#breadcrumb\"},\"inLanguage\":\"fr-FR\",\"potentialAction\":[{\"@type\":\"ReadAction\",\"target\":[\"https:\\\/\\\/hicontract.brugnottogroup.it\\\/fr\\\/projets\\\/maisons-privees\\\/\"]}]},{\"@type\":\"BreadcrumbList\",\"@id\":\"https:\\\/\\\/hicontract.brugnottogroup.it\\\/fr\\\/projets\\\/maisons-privees\\\/#breadcrumb\",\"itemListElement\":[{\"@type\":\"ListItem\",\"position\":1,\"name\":\"Home\",\"item\":\"https:\\\/\\\/hicontract.brugnottogroup.it\\\/fr\\\/\"},{\"@type\":\"ListItem\",\"position\":2,\"name\":\"Projets\",\"item\":\"https:\\\/\\\/hicontract.brugnottogroup.it\\\/fr\\\/projets\\\/\"},{\"@type\":\"ListItem\",\"position\":3,\"name\":\"Maisons priv\u00e9es\"}]},{\"@type\":\"WebSite\",\"@id\":\"https:\\\/\\\/hicontract.brugnottogroup.it\\\/#website\",\"url\":\"https:\\\/\\\/hicontract.brugnottogroup.it\\\/\",\"name\":\"Hi Contract Brugnotto Group\",\"description\":\"Innovative Interior and Design Makers\",\"publisher\":{\"@id\":\"https:\\\/\\\/hicontract.brugnottogroup.it\\\/#organization\"},\"potentialAction\":[{\"@type\":\"SearchAction\",\"target\":{\"@type\":\"EntryPoint\",\"urlTemplate\":\"https:\\\/\\\/hicontract.brugnottogroup.it\\\/?s={search_term_string}\"},\"query-input\":{\"@type\":\"PropertyValueSpecification\",\"valueRequired\":true,\"valueName\":\"search_term_string\"}}],\"inLanguage\":\"fr-FR\"},{\"@type\":\"Organization\",\"@id\":\"https:\\\/\\\/hicontract.brugnottogroup.it\\\/#organization\",\"name\":\"Hi Contract\",\"url\":\"https:\\\/\\\/hicontract.brugnottogroup.it\\\/\",\"logo\":{\"@type\":\"ImageObject\",\"inLanguage\":\"fr-FR\",\"@id\":\"https:\\\/\\\/hicontract.brugnottogroup.it\\\/#\\\/schema\\\/logo\\\/image\\\/\",\"url\":\"https:\\\/\\\/hicontract.brugnottogroup.it\\\/wp-content\\\/uploads\\\/2022\\\/04\\\/hi-contract-vert-black.jpg\",\"contentUrl\":\"https:\\\/\\\/hicontract.brugnottogroup.it\\\/wp-content\\\/uploads\\\/2022\\\/04\\\/hi-contract-vert-black.jpg\",\"width\":1417,\"height\":752,\"caption\":\"Hi Contract\"},\"image\":{\"@id\":\"https:\\\/\\\/hicontract.brugnottogroup.it\\\/#\\\/schema\\\/logo\\\/image\\\/\"},\"sameAs\":[\"https:\\\/\\\/www.facebook.com\\\/brugnottohicontract\\\/\",\"https:\\\/\\\/www.instagram.com\\\/hicontract_brugnotto\\\/\",\"https:\\\/\\\/www.linkedin.com\\\/showcase\\\/brugnotto-hi-contract\"]}]}<\/script>\n<!-- \/ Yoast SEO plugin. -->","yoast_head_json":{"title":"Maisons priv\u00e9es - HI Contract","robots":{"index":"index","follow":"follow","max-snippet":"max-snippet:-1","max-image-preview":"max-image-preview:large","max-video-preview":"max-video-preview:-1"},"canonical":"https:\/\/hicontract.brugnottogroup.it\/fr\/projets\/maisons-privees\/","og_locale":"fr_FR","og_type":"article","og_title":"Maisons priv\u00e9es - HI Contract","og_description":"[vc_row content_width=&#8221;grid&#8221; content_aligment=&#8221;center&#8221; css=&#8221;.vc_custom_1519732442817{padding-top: 50px !important;padding-bottom: 25px !important;}&#8221;][vc_column][vc_column_text]Dans le secteur des r\u00e9sidences priv\u00e9es, les exigences de personnalisation sont nombreuses et articul\u00e9es, ainsi que les hommes qui les habitent. En collaboration avec les concepteurs, HI Contract contribue \u00e0 valoriser les caract\u00e9ristiques structurelles des volumes.[\/vc_column_text][\/vc_column][\/vc_row][vc_row][vc_column][\/vc_column][\/vc_row][vc_row content_width=&#8221;grid&#8221; content_aligment=&#8221;center&#8221; [&hellip;]","og_url":"https:\/\/hicontract.brugnottogroup.it\/fr\/projets\/maisons-privees\/","og_site_name":"HI Contract","article_publisher":"https:\/\/www.facebook.com\/brugnottohicontract\/","article_modified_time":"2023-01-26T13:24:58+00:00","og_image":[{"width":620,"height":440,"url":"https:\/\/hicontract.brugnottogroup.it\/wp-content\/uploads\/2018\/02\/HI_620X440.jpg","type":"image\/jpeg"}],"twitter_card":"summary_large_image","twitter_misc":{"Dur\u00e9e de lecture estim\u00e9e":"1 minute"},"schema":{"@context":"https:\/\/schema.org","@graph":[{"@type":"WebPage","@id":"https:\/\/hicontract.brugnottogroup.it\/fr\/projets\/maisons-privees\/","url":"https:\/\/hicontract.brugnottogroup.it\/fr\/projets\/maisons-privees\/","name":"Maisons priv\u00e9es - HI Contract","isPartOf":{"@id":"https:\/\/hicontract.brugnottogroup.it\/#website"},"datePublished":"2018-03-28T13:55:23+00:00","dateModified":"2023-01-26T13:24:58+00:00","breadcrumb":{"@id":"https:\/\/hicontract.brugnottogroup.it\/fr\/projets\/maisons-privees\/#breadcrumb"},"inLanguage":"fr-FR","potentialAction":[{"@type":"ReadAction","target":["https:\/\/hicontract.brugnottogroup.it\/fr\/projets\/maisons-privees\/"]}]},{"@type":"BreadcrumbList","@id":"https:\/\/hicontract.brugnottogroup.it\/fr\/projets\/maisons-privees\/#breadcrumb","itemListElement":[{"@type":"ListItem","position":1,"name":"Home","item":"https:\/\/hicontract.brugnottogroup.it\/fr\/"},{"@type":"ListItem","position":2,"name":"Projets","item":"https:\/\/hicontract.brugnottogroup.it\/fr\/projets\/"},{"@type":"ListItem","position":3,"name":"Maisons priv\u00e9es"}]},{"@type":"WebSite","@id":"https:\/\/hicontract.brugnottogroup.it\/#website","url":"https:\/\/hicontract.brugnottogroup.it\/","name":"Hi Contract Brugnotto Group","description":"Innovative Interior and Design Makers","publisher":{"@id":"https:\/\/hicontract.brugnottogroup.it\/#organization"},"potentialAction":[{"@type":"SearchAction","target":{"@type":"EntryPoint","urlTemplate":"https:\/\/hicontract.brugnottogroup.it\/?s={search_term_string}"},"query-input":{"@type":"PropertyValueSpecification","valueRequired":true,"valueName":"search_term_string"}}],"inLanguage":"fr-FR"},{"@type":"Organization","@id":"https:\/\/hicontract.brugnottogroup.it\/#organization","name":"Hi Contract","url":"https:\/\/hicontract.brugnottogroup.it\/","logo":{"@type":"ImageObject","inLanguage":"fr-FR","@id":"https:\/\/hicontract.brugnottogroup.it\/#\/schema\/logo\/image\/","url":"https:\/\/hicontract.brugnottogroup.it\/wp-content\/uploads\/2022\/04\/hi-contract-vert-black.jpg","contentUrl":"https:\/\/hicontract.brugnottogroup.it\/wp-content\/uploads\/2022\/04\/hi-contract-vert-black.jpg","width":1417,"height":752,"caption":"Hi Contract"},"image":{"@id":"https:\/\/hicontract.brugnottogroup.it\/#\/schema\/logo\/image\/"},"sameAs":["https:\/\/www.facebook.com\/brugnottohicontract\/","https:\/\/www.instagram.com\/hicontract_brugnotto\/","https:\/\/www.linkedin.com\/showcase\/brugnotto-hi-contract"]}]}},"_links":{"self":[{"href":"https:\/\/hicontract.brugnottogroup.it\/fr\/wp-json\/wp\/v2\/pages\/4835","targetHints":{"allow":["GET"]}}],"collection":[{"href":"https:\/\/hicontract.brugnottogroup.it\/fr\/wp-json\/wp\/v2\/pages"}],"about":[{"href":"https:\/\/hicontract.brugnottogroup.it\/fr\/wp-json\/wp\/v2\/types\/page"}],"author":[{"embeddable":true,"href":"https:\/\/hicontract.brugnottogroup.it\/fr\/wp-json\/wp\/v2\/users\/1"}],"replies":[{"embeddable":true,"href":"https:\/\/hicontract.brugnottogroup.it\/fr\/wp-json\/wp\/v2\/comments?post=4835"}],"version-history":[{"count":5,"href":"https:\/\/hicontract.brugnottogroup.it\/fr\/wp-json\/wp\/v2\/pages\/4835\/revisions"}],"predecessor-version":[{"id":9307,"href":"https:\/\/hicontract.brugnottogroup.it\/fr\/wp-json\/wp\/v2\/pages\/4835\/revisions\/9307"}],"up":[{"embeddable":true,"href":"https:\/\/hicontract.brugnottogroup.it\/fr\/wp-json\/wp\/v2\/pages\/4772"}],"wp:attachment":[{"href":"https:\/\/hicontract.brugnottogroup.it\/fr\/wp-json\/wp\/v2\/media?parent=4835"}],"curies":[{"name":"wp","href":"https:\/\/api.w.org\/{rel}","templated":true}]}}