{"id":4847,"date":"2018-03-28T16:13:58","date_gmt":"2018-03-28T14:13:58","guid":{"rendered":"https:\/\/hicontract.brugnottogroup.it\/?page_id=4847"},"modified":"2025-09-10T12:10:31","modified_gmt":"2025-09-10T10:10:31","slug":"sustainability","status":"publish","type":"page","link":"https:\/\/hicontract.brugnottogroup.it\/fr\/sustainability\/","title":{"rendered":"DURABILIT\u00c9"},"content":{"rendered":"<section class=\"wpb-content-wrapper\"><p>[vc_row content_width=&#8221;grid&#8221; css=&#8221;.vc_custom_1456313428285{padding-top: 100px !important;padding-bottom: 80px !important;}&#8221;][vc_column][vc_row_inner css=&#8221;.vc_custom_1456308959398{margin-right: -10px !important;margin-left: -10px !important;}&#8221;][vc_column_inner css=&#8221;.vc_custom_1456313197241{padding-right: 10px !important;padding-left: 10px !important;}&#8221; offset=&#8221;vc_col-md-6&#8243;]<div class=\"edgtf-elements-holder edgtf-responsive-mode-768\" style=\"background-color:#f7f7f7;\"><div class=\"edgtf-elements-holder-item \"  >\n\t<div class=\"edgtf-elements-holder-item-inner\">\n\t\t<div class=\"edgtf-elements-holder-item-content edgtf-elements-holder-custom-423556\" style=\"padding: 7.2% 9%\">\n\t\t\t\t\t\t<style type=\"text\/css\" data-type=\"edgtf-elements-custom-padding\" scoped>\n                                \t\t\t\t\t\t\t\t@media only screen and (min-width: 768px) and (max-width: 1024px) {\n\t\t\t\t\t.edgtf-elements-holder .edgtf-elements-holder-item-content.edgtf-elements-holder-custom-423556 {\n\t\t\t\t\t\tpadding: 5.2% 9% !important;\n\t\t\t\t\t}\n\t\t\t\t}\n\t\t\t\t\t\t\t\t\t\t\t\t\t\t\t\t@media only screen and (min-width: 480px) and (max-width: 600px) {\n\t\t\t\t\t.edgtf-elements-holder .edgtf-elements-holder-item-content.edgtf-elements-holder-custom-423556 {\n\t\t\t\t\t\tpadding: 7.2% 9% !important;\n\t\t\t\t\t}\n\t\t\t\t}\n\t\t\t\t\t\t\t\t\t\t\t\t@media only screen and (max-width: 480px) {\n\t\t\t\t\t.edgtf-elements-holder .edgtf-elements-holder-item-content.edgtf-elements-holder-custom-423556 {\n\t\t\t\t\t\tpadding: 7.2% 9% !important;\n\t\t\t\t\t}\n\t\t\t\t}\n\t\t\t\t\t\t\t\t<\/style>\n\t\t\t\t\t\t[vc_column_text]<\/p>\n<h3 class=\"vc_custom_heading is-lined\">DURABILIT\u00c9, RESPONSABLE E IND\u00c9PENDANTE<\/h3>\n<p>[\/vc_column_text][vc_empty_space height=&#8221;20&#8243;][vc_column_text]HI Contract respecte les param\u00e8tres de durabilit\u00e9 environnementale tout au long de la cha\u00eene d\u2019approvisionnement, \u00e0 partir des mati\u00e8res premi\u00e8res: en utilisant du bois provenant de for\u00eats g\u00e9r\u00e9es durablement, de cultures d\u2019arbres certifi\u00e9s FSC\u00ae, offrant ainsi une contribution active \u00e0 la gestion responsable des for\u00eats. Depuis 2019, notre engagement a \u00e9t\u00e9 reconnu par l\u2019obtention de la <a href=\"https:\/\/www.brugnottogroup.it\/wp-content\/uploads\/2024\/07\/FSC-certificate-Brugnotto-srl-2024.pdf\" target=\"_blank\" rel=\"noopener\">certification FSC\u00ae &#8211; Cha\u00eene de Conservation<\/a> (Forest Stewardship Council\u00ae A.C. Chain of Custody).<\/p>\n<p>Durabilit\u00e9 et respect de l\u2019environnement sont exprim\u00e9 jour par jour aussi sur les chantier, gr\u00e2ce \u00e0 des syst\u00e8mes \u00e9volu\u00e9s de tri s\u00e9lectif et d\u2019\u00e9limination de d\u00e9chets de production. HI Contract encourage le comportement vertueux aussi des fournisseurs, en donnant pr\u00e9f\u00e9rence \u00e0 ceux qui respectent les m\u00eames protocoles de durabilit\u00e9. L\u2019usine de HI Contract est autonome d\u2019un point de vue de besoins en \u00e9nergie et notre processus de production accorde une attention particuli\u00e8re au respect des ressources naturelles, car nous voulons que nos gestes n\u2019aient pas d\u2019effets n\u00e9gatifs sur l\u2019environnement. Les processus d\u2019entreprise sont \u00e9galement certifi\u00e9s conformes aux exigences de la norme <a href=\"https:\/\/www.brugnottogroup.it\/wp-content\/uploads\/2025\/09\/Brugnotto-Srl-ISO-14001-Certificate-2025.pdf\" target=\"_blank\" rel=\"noopener\">ISO 14001 &#8220;Syst\u00e8me de management environnemental&#8221;<\/a>.[\/vc_column_text]\t\t<\/div>\n\t<\/div>\n<\/div><\/div>[vc_empty_space height=&#8221;10&#8243;][\/vc_column_inner][vc_column_inner css=&#8221;.vc_custom_1456313205818{padding-right: 10px !important;padding-left: 10px !important;}&#8221; offset=&#8221;vc_col-md-6&#8243;][vc_single_image image=&#8221;4280&#8243; img_size=&#8221;540&#215;560&#8243; el_class=&#8221;edgtf-single-image-hover&#8221;][vc_empty_space height=&#8221;30&#8243;]<div class=\"edgtf-image-gallery\">\n\t<div class=\"edgtf-image-gallery-grid edgtf-gallery-columns-3 \" >\n        \t\t\t\t\t<div class=\"edgtf-gallery-image\">\n\t\t\t\t\t\t\t\t\t\t\t\t\t\t\t<img loading=\"lazy\" decoding=\"async\" src=\"https:\/\/hicontract.brugnottogroup.it\/wp-content\/uploads\/2021\/01\/joel-jasmin-forestbird-xzPMUMDDsfk-unsplash-scaled-170x350.jpg\" alt=\"\" width=\"170\" height=\"350\" \/>\t\t\t\t\t\t\t\t\t\t\t\t\t<\/div>\n\t\t\t\t\t<div class=\"edgtf-gallery-image\">\n\t\t\t\t\t\t\t\t\t\t\t\t\t\t\t<img loading=\"lazy\" decoding=\"async\" src=\"https:\/\/hicontract.brugnottogroup.it\/wp-content\/uploads\/2018\/03\/FORMALIGNO_INTERIOR_DESIGN_WOODEN_LEGNO_WOOD_SEDE_CUNEO_SUSTAINABILITY_2-170x350.jpg\" alt=\"\" width=\"170\" height=\"350\" \/>\t\t\t\t\t\t\t\t\t\t\t\t\t<\/div>\n\t\t\t\t\t<div class=\"edgtf-gallery-image\">\n\t\t\t\t\t\t\t\t\t\t\t\t\t\t\t<img loading=\"lazy\" decoding=\"async\" src=\"https:\/\/hicontract.brugnottogroup.it\/wp-content\/uploads\/2021\/01\/DSC_0257-scaled-170x350.jpg\" alt=\"\" width=\"170\" height=\"350\" \/>\t\t\t\t\t\t\t\t\t\t\t\t\t<\/div>\n\t\t\t<\/div>\n<\/div>[\/vc_column_inner][\/vc_row_inner][\/vc_column][\/vc_row][vc_row content_width=&#8221;grid&#8221; css=&#8221;.vc_custom_1456313428285{padding-top: 100px !important;padding-bottom: 80px !important;}&#8221;][vc_column][vc_row_inner css=&#8221;.vc_custom_1456308959398{margin-right: -10px !important;margin-left: -10px !important;}&#8221;][vc_column_inner css=&#8221;.vc_custom_1456313205818{padding-right: 10px !important;padding-left: 10px !important;}&#8221; offset=&#8221;vc_col-md-6&#8243;][vc_single_image image=&#8221;8155&#8243; img_size=&#8221;&#8221; alignment=&#8221;center&#8221; el_class=&#8221;edgtf-single-image-hover&#8221;][vc_single_image image=&#8221;8159&#8243; img_size=&#8221;&#8221; alignment=&#8221;center&#8221; el_class=&#8221;edgtf-single-image-hover&#8221;][vc_empty_space height=&#8221;30&#8243;]<div class=\"edgtf-image-gallery\">\n\t<div class=\"edgtf-image-gallery-grid edgtf-gallery-columns-2 \" >\n        \t\t\t\t\t<div class=\"edgtf-gallery-image\">\n\t\t\t\t\t\t\t\t\t\t\t\t\t\t\t<img loading=\"lazy\" decoding=\"async\" width=\"1707\" height=\"2560\" src=\"https:\/\/hicontract.brugnottogroup.it\/wp-content\/uploads\/2021\/01\/img-production-scaled.jpg\" class=\"attachment-full size-full\" alt=\"\" srcset=\"https:\/\/hicontract.brugnottogroup.it\/wp-content\/uploads\/2021\/01\/img-production-scaled.jpg 1707w, https:\/\/hicontract.brugnottogroup.it\/wp-content\/uploads\/2021\/01\/img-production-200x300.jpg 200w, https:\/\/hicontract.brugnottogroup.it\/wp-content\/uploads\/2021\/01\/img-production-683x1024.jpg 683w, https:\/\/hicontract.brugnottogroup.it\/wp-content\/uploads\/2021\/01\/img-production-768x1152.jpg 768w, https:\/\/hicontract.brugnottogroup.it\/wp-content\/uploads\/2021\/01\/img-production-1024x1536.jpg 1024w, https:\/\/hicontract.brugnottogroup.it\/wp-content\/uploads\/2021\/01\/img-production-1365x2048.jpg 1365w, https:\/\/hicontract.brugnottogroup.it\/wp-content\/uploads\/2021\/01\/img-production-800x1200.jpg 800w, https:\/\/hicontract.brugnottogroup.it\/wp-content\/uploads\/2021\/01\/img-production-1100x1650.jpg 1100w\" sizes=\"auto, (max-width: 1707px) 100vw, 1707px\" \/>\t\t\t\t\t\t\t\t\t\t\t\t\t<\/div>\n\t\t\t\t\t<div class=\"edgtf-gallery-image\">\n\t\t\t\t\t\t\t\t\t\t\t\t\t\t\t<img loading=\"lazy\" decoding=\"async\" width=\"1707\" height=\"2560\" src=\"https:\/\/hicontract.brugnottogroup.it\/wp-content\/uploads\/2021\/01\/DSC_1485-scaled.jpg\" class=\"attachment-full size-full\" alt=\"\" srcset=\"https:\/\/hicontract.brugnottogroup.it\/wp-content\/uploads\/2021\/01\/DSC_1485-scaled.jpg 1707w, https:\/\/hicontract.brugnottogroup.it\/wp-content\/uploads\/2021\/01\/DSC_1485-200x300.jpg 200w, https:\/\/hicontract.brugnottogroup.it\/wp-content\/uploads\/2021\/01\/DSC_1485-683x1024.jpg 683w, https:\/\/hicontract.brugnottogroup.it\/wp-content\/uploads\/2021\/01\/DSC_1485-768x1152.jpg 768w, https:\/\/hicontract.brugnottogroup.it\/wp-content\/uploads\/2021\/01\/DSC_1485-1024x1536.jpg 1024w, https:\/\/hicontract.brugnottogroup.it\/wp-content\/uploads\/2021\/01\/DSC_1485-1365x2048.jpg 1365w, https:\/\/hicontract.brugnottogroup.it\/wp-content\/uploads\/2021\/01\/DSC_1485-800x1200.jpg 800w, https:\/\/hicontract.brugnottogroup.it\/wp-content\/uploads\/2021\/01\/DSC_1485-1100x1650.jpg 1100w\" sizes=\"auto, (max-width: 1707px) 100vw, 1707px\" \/>\t\t\t\t\t\t\t\t\t\t\t\t\t<\/div>\n\t\t\t<\/div>\n<\/div>[\/vc_column_inner][vc_column_inner css=&#8221;.vc_custom_1456313197241{padding-right: 10px !important;padding-left: 10px !important;}&#8221; offset=&#8221;vc_col-md-6&#8243;]<div class=\"edgtf-elements-holder edgtf-responsive-mode-768\" style=\"background-color:#f7f7f7;\"><div class=\"edgtf-elements-holder-item \"  >\n\t<div class=\"edgtf-elements-holder-item-inner\">\n\t\t<div class=\"edgtf-elements-holder-item-content edgtf-elements-holder-custom-466173\" style=\"padding: 7.2% 9%\">\n\t\t\t\t\t\t<style type=\"text\/css\" data-type=\"edgtf-elements-custom-padding\" scoped>\n                                \t\t\t\t\t\t\t\t@media only screen and (min-width: 768px) and (max-width: 1024px) {\n\t\t\t\t\t.edgtf-elements-holder .edgtf-elements-holder-item-content.edgtf-elements-holder-custom-466173 {\n\t\t\t\t\t\tpadding: 5.2% 9% !important;\n\t\t\t\t\t}\n\t\t\t\t}\n\t\t\t\t\t\t\t\t\t\t\t\t\t\t\t\t@media only screen and (min-width: 480px) and (max-width: 600px) {\n\t\t\t\t\t.edgtf-elements-holder .edgtf-elements-holder-item-content.edgtf-elements-holder-custom-466173 {\n\t\t\t\t\t\tpadding: 7.2% 9% !important;\n\t\t\t\t\t}\n\t\t\t\t}\n\t\t\t\t\t\t\t\t\t\t\t\t@media only screen and (max-width: 480px) {\n\t\t\t\t\t.edgtf-elements-holder .edgtf-elements-holder-item-content.edgtf-elements-holder-custom-466173 {\n\t\t\t\t\t\tpadding: 7.2% 9% !important;\n\t\t\t\t\t}\n\t\t\t\t}\n\t\t\t\t\t\t\t\t<\/style>\n\t\t\t\t\t\t[vc_column_text]<\/p>\n<h3 class=\"vc_custom_heading is-lined\">RESPONSABILIT\u00c9 SOCIALE D&#8217;ENTREPRISE<\/h3>\n<p>[\/vc_column_text][vc_empty_space height=&#8221;20&#8243;][vc_column_text]Notre plus grande valeur sont les personnes qui contribuent chaque jour \u00e0 faire Hi Contract une r\u00e9alit\u00e9 unique. La formation continue est donc un aspect fondamental pour la recherche de l\u2019innovation dans tous les processus, ainsi que pour la sauvegarde de la qualit\u00e9 de vie et de la s\u00e9curit\u00e9 dans l\u2019environnement de travail.<\/p>\n<p>Le soin apport\u00e9 \u00e0 la qualit\u00e9 et \u00e0 la s\u00e9curit\u00e9 a conduit l\u2019entreprise \u00e0 obtenir la certification <a href=\"https:\/\/www.brugnottogroup.it\/wp-content\/uploads\/2025\/09\/Brugnotto-Srl-ISO-9001-Certificate-2025.pdf\" target=\"_blank\" rel=\"noopener\">ISO 9001 &#8220;Syst\u00e8me de gestion de la qualit\u00e9&#8221;<\/a> et la certification <a href=\"https:\/\/www.brugnottogroup.it\/wp-content\/uploads\/2025\/09\/Brugnotto-Srl-ISO-45001-Certificate-2025.pdf\" target=\"_blank\" rel=\"noopener\">ISO 45001 &#8220;Syst\u00e8mes de gestion de la sant\u00e9 et de la s\u00e9curit\u00e9&#8221;<\/a>.<\/p>\n<p>Aujourd\u2019hui dans notre r\u00e9alit\u00e9 la qualit\u00e9 de l\u2019approche artisanale rencontre une entreprise moderne organis\u00e9e, qui \u00e0 travers un protocole attentif de management vise \u00e0 cr\u00e9er des processus standardis\u00e9s d\u2019excellence dans la production, dans le d\u00e9veloppement du produit, la fourniture et la vente. Les documents de <a href=\"https:\/\/www.brugnottogroup.it\/wp-content\/uploads\/2024\/07\/01-ROQS-01-Politica-SGI-2024.pdf\">Politique sur la qualit\u00e9, la s\u00e9curit\u00e9 au travail et la gestion de l\u2019environnement<\/a> et la <a href=\"https:\/\/www.brugnottogroup.it\/wp-content\/uploads\/2020\/09\/Carta-dei-Valori-Brugnotto-Group.pdf\">Charte des valeurs du Groupe Brugnotto<\/a> contiennent notre engagement envers les clients, les fournisseurs et les collaborateurs.[\/vc_column_text]\t\t<\/div>\n\t<\/div>\n<\/div><\/div>[vc_empty_space height=&#8221;10&#8243;][\/vc_column_inner][\/vc_row_inner][\/vc_column][\/vc_row]<\/p>\n<\/section>","protected":false},"excerpt":{"rendered":"<p>[vc_row content_width=&#8221;grid&#8221; css=&#8221;.vc_custom_1456313428285{padding-top: 100px !important;padding-bottom: 80px !important;}&#8221;][vc_column][vc_row_inner css=&#8221;.vc_custom_1456308959398{margin-right: -10px !important;margin-left: -10px !important;}&#8221;][vc_column_inner css=&#8221;.vc_custom_1456313197241{padding-right: 10px !important;padding-left: 10px !important;}&#8221; offset=&#8221;vc_col-md-6&#8243;][vc_empty_space height=&#8221;10&#8243;][\/vc_column_inner][vc_column_inner css=&#8221;.vc_custom_1456313205818{padding-right: 10px !important;padding-left: 10px !important;}&#8221; offset=&#8221;vc_col-md-6&#8243;][vc_single_image image=&#8221;4280&#8243; img_size=&#8221;540&#215;560&#8243; el_class=&#8221;edgtf-single-image-hover&#8221;][vc_empty_space height=&#8221;30&#8243;][\/vc_column_inner][\/vc_row_inner][\/vc_column][\/vc_row][vc_row content_width=&#8221;grid&#8221; css=&#8221;.vc_custom_1456313428285{padding-top: 100px !important;padding-bottom: 80px !important;}&#8221;][vc_column][vc_row_inner css=&#8221;.vc_custom_1456308959398{margin-right: -10px !important;margin-left: -10px !important;}&#8221;][vc_column_inner css=&#8221;.vc_custom_1456313205818{padding-right: 10px !important;padding-left: 10px !important;}&#8221; [&hellip;]<\/p>\n","protected":false},"author":1,"featured_media":0,"parent":0,"menu_order":0,"comment_status":"closed","ping_status":"closed","template":"full-width.php","meta":{"_acf_changed":false,"footnotes":""},"class_list":["post-4847","page","type-page","status-publish","hentry"],"acf":[],"yoast_head":"<!-- This site is optimized with the Yoast SEO plugin v27.3 - https:\/\/yoast.com\/product\/yoast-seo-wordpress\/ -->\n<title>DURABILIT\u00c9 - HI Contract<\/title>\n<meta name=\"robots\" content=\"index, follow, max-snippet:-1, max-image-preview:large, max-video-preview:-1\" \/>\n<link rel=\"canonical\" href=\"https:\/\/hicontract.brugnottogroup.it\/fr\/sustainability\/\" \/>\n<meta property=\"og:locale\" content=\"fr_FR\" \/>\n<meta property=\"og:type\" content=\"article\" \/>\n<meta property=\"og:title\" content=\"DURABILIT\u00c9 - HI Contract\" \/>\n<meta property=\"og:description\" content=\"[vc_row content_width=&#8221;grid&#8221; css=&#8221;.vc_custom_1456313428285{padding-top: 100px !important;padding-bottom: 80px !important;}&#8221;][vc_column][vc_row_inner css=&#8221;.vc_custom_1456308959398{margin-right: -10px !important;margin-left: -10px !important;}&#8221;][vc_column_inner css=&#8221;.vc_custom_1456313197241{padding-right: 10px !important;padding-left: 10px !important;}&#8221; offset=&#8221;vc_col-md-6&#8243;][vc_empty_space height=&#8221;10&#8243;][\/vc_column_inner][vc_column_inner css=&#8221;.vc_custom_1456313205818{padding-right: 10px !important;padding-left: 10px !important;}&#8221; offset=&#8221;vc_col-md-6&#8243;][vc_single_image image=&#8221;4280&#8243; img_size=&#8221;540&#215;560&#8243; el_class=&#8221;edgtf-single-image-hover&#8221;][vc_empty_space height=&#8221;30&#8243;][\/vc_column_inner][\/vc_row_inner][\/vc_column][\/vc_row][vc_row content_width=&#8221;grid&#8221; css=&#8221;.vc_custom_1456313428285{padding-top: 100px !important;padding-bottom: 80px !important;}&#8221;][vc_column][vc_row_inner css=&#8221;.vc_custom_1456308959398{margin-right: -10px !important;margin-left: -10px !important;}&#8221;][vc_column_inner css=&#8221;.vc_custom_1456313205818{padding-right: 10px !important;padding-left: 10px !important;}&#8221; [&hellip;]\" \/>\n<meta property=\"og:url\" content=\"https:\/\/hicontract.brugnottogroup.it\/fr\/sustainability\/\" \/>\n<meta property=\"og:site_name\" content=\"HI Contract\" \/>\n<meta property=\"article:publisher\" content=\"https:\/\/www.facebook.com\/brugnottohicontract\/\" \/>\n<meta property=\"article:modified_time\" content=\"2025-09-10T10:10:31+00:00\" \/>\n<meta property=\"og:image\" content=\"https:\/\/hicontract.brugnottogroup.it\/wp-content\/uploads\/2018\/02\/HI_620X440.jpg\" \/>\n\t<meta property=\"og:image:width\" content=\"620\" \/>\n\t<meta property=\"og:image:height\" content=\"440\" \/>\n\t<meta property=\"og:image:type\" content=\"image\/jpeg\" \/>\n<meta name=\"twitter:card\" content=\"summary_large_image\" \/>\n<meta name=\"twitter:label1\" content=\"Dur\u00e9e de lecture estim\u00e9e\" \/>\n\t<meta name=\"twitter:data1\" content=\"4 minutes\" \/>\n<script type=\"application\/ld+json\" class=\"yoast-schema-graph\">{\"@context\":\"https:\\\/\\\/schema.org\",\"@graph\":[{\"@type\":\"WebPage\",\"@id\":\"https:\\\/\\\/hicontract.brugnottogroup.it\\\/fr\\\/sustainability\\\/\",\"url\":\"https:\\\/\\\/hicontract.brugnottogroup.it\\\/fr\\\/sustainability\\\/\",\"name\":\"DURABILIT\u00c9 - HI Contract\",\"isPartOf\":{\"@id\":\"https:\\\/\\\/hicontract.brugnottogroup.it\\\/#website\"},\"datePublished\":\"2018-03-28T14:13:58+00:00\",\"dateModified\":\"2025-09-10T10:10:31+00:00\",\"breadcrumb\":{\"@id\":\"https:\\\/\\\/hicontract.brugnottogroup.it\\\/fr\\\/sustainability\\\/#breadcrumb\"},\"inLanguage\":\"fr-FR\",\"potentialAction\":[{\"@type\":\"ReadAction\",\"target\":[\"https:\\\/\\\/hicontract.brugnottogroup.it\\\/fr\\\/sustainability\\\/\"]}]},{\"@type\":\"BreadcrumbList\",\"@id\":\"https:\\\/\\\/hicontract.brugnottogroup.it\\\/fr\\\/sustainability\\\/#breadcrumb\",\"itemListElement\":[{\"@type\":\"ListItem\",\"position\":1,\"name\":\"Home\",\"item\":\"https:\\\/\\\/hicontract.brugnottogroup.it\\\/fr\\\/\"},{\"@type\":\"ListItem\",\"position\":2,\"name\":\"DURABILIT\u00c9\"}]},{\"@type\":\"WebSite\",\"@id\":\"https:\\\/\\\/hicontract.brugnottogroup.it\\\/#website\",\"url\":\"https:\\\/\\\/hicontract.brugnottogroup.it\\\/\",\"name\":\"Hi Contract Brugnotto Group\",\"description\":\"Innovative Interior and Design Makers\",\"publisher\":{\"@id\":\"https:\\\/\\\/hicontract.brugnottogroup.it\\\/#organization\"},\"potentialAction\":[{\"@type\":\"SearchAction\",\"target\":{\"@type\":\"EntryPoint\",\"urlTemplate\":\"https:\\\/\\\/hicontract.brugnottogroup.it\\\/?s={search_term_string}\"},\"query-input\":{\"@type\":\"PropertyValueSpecification\",\"valueRequired\":true,\"valueName\":\"search_term_string\"}}],\"inLanguage\":\"fr-FR\"},{\"@type\":\"Organization\",\"@id\":\"https:\\\/\\\/hicontract.brugnottogroup.it\\\/#organization\",\"name\":\"Hi Contract\",\"url\":\"https:\\\/\\\/hicontract.brugnottogroup.it\\\/\",\"logo\":{\"@type\":\"ImageObject\",\"inLanguage\":\"fr-FR\",\"@id\":\"https:\\\/\\\/hicontract.brugnottogroup.it\\\/#\\\/schema\\\/logo\\\/image\\\/\",\"url\":\"https:\\\/\\\/hicontract.brugnottogroup.it\\\/wp-content\\\/uploads\\\/2022\\\/04\\\/hi-contract-vert-black.jpg\",\"contentUrl\":\"https:\\\/\\\/hicontract.brugnottogroup.it\\\/wp-content\\\/uploads\\\/2022\\\/04\\\/hi-contract-vert-black.jpg\",\"width\":1417,\"height\":752,\"caption\":\"Hi Contract\"},\"image\":{\"@id\":\"https:\\\/\\\/hicontract.brugnottogroup.it\\\/#\\\/schema\\\/logo\\\/image\\\/\"},\"sameAs\":[\"https:\\\/\\\/www.facebook.com\\\/brugnottohicontract\\\/\",\"https:\\\/\\\/www.instagram.com\\\/hicontract_brugnotto\\\/\",\"https:\\\/\\\/www.linkedin.com\\\/showcase\\\/brugnotto-hi-contract\"]}]}<\/script>\n<!-- \/ Yoast SEO plugin. -->","yoast_head_json":{"title":"DURABILIT\u00c9 - HI Contract","robots":{"index":"index","follow":"follow","max-snippet":"max-snippet:-1","max-image-preview":"max-image-preview:large","max-video-preview":"max-video-preview:-1"},"canonical":"https:\/\/hicontract.brugnottogroup.it\/fr\/sustainability\/","og_locale":"fr_FR","og_type":"article","og_title":"DURABILIT\u00c9 - HI Contract","og_description":"[vc_row content_width=&#8221;grid&#8221; css=&#8221;.vc_custom_1456313428285{padding-top: 100px !important;padding-bottom: 80px !important;}&#8221;][vc_column][vc_row_inner css=&#8221;.vc_custom_1456308959398{margin-right: -10px !important;margin-left: -10px !important;}&#8221;][vc_column_inner css=&#8221;.vc_custom_1456313197241{padding-right: 10px !important;padding-left: 10px !important;}&#8221; offset=&#8221;vc_col-md-6&#8243;][vc_empty_space height=&#8221;10&#8243;][\/vc_column_inner][vc_column_inner css=&#8221;.vc_custom_1456313205818{padding-right: 10px !important;padding-left: 10px !important;}&#8221; offset=&#8221;vc_col-md-6&#8243;][vc_single_image image=&#8221;4280&#8243; img_size=&#8221;540&#215;560&#8243; el_class=&#8221;edgtf-single-image-hover&#8221;][vc_empty_space height=&#8221;30&#8243;][\/vc_column_inner][\/vc_row_inner][\/vc_column][\/vc_row][vc_row content_width=&#8221;grid&#8221; css=&#8221;.vc_custom_1456313428285{padding-top: 100px !important;padding-bottom: 80px !important;}&#8221;][vc_column][vc_row_inner css=&#8221;.vc_custom_1456308959398{margin-right: -10px !important;margin-left: -10px !important;}&#8221;][vc_column_inner css=&#8221;.vc_custom_1456313205818{padding-right: 10px !important;padding-left: 10px !important;}&#8221; [&hellip;]","og_url":"https:\/\/hicontract.brugnottogroup.it\/fr\/sustainability\/","og_site_name":"HI Contract","article_publisher":"https:\/\/www.facebook.com\/brugnottohicontract\/","article_modified_time":"2025-09-10T10:10:31+00:00","og_image":[{"width":620,"height":440,"url":"https:\/\/hicontract.brugnottogroup.it\/wp-content\/uploads\/2018\/02\/HI_620X440.jpg","type":"image\/jpeg"}],"twitter_card":"summary_large_image","twitter_misc":{"Dur\u00e9e de lecture estim\u00e9e":"4 minutes"},"schema":{"@context":"https:\/\/schema.org","@graph":[{"@type":"WebPage","@id":"https:\/\/hicontract.brugnottogroup.it\/fr\/sustainability\/","url":"https:\/\/hicontract.brugnottogroup.it\/fr\/sustainability\/","name":"DURABILIT\u00c9 - HI Contract","isPartOf":{"@id":"https:\/\/hicontract.brugnottogroup.it\/#website"},"datePublished":"2018-03-28T14:13:58+00:00","dateModified":"2025-09-10T10:10:31+00:00","breadcrumb":{"@id":"https:\/\/hicontract.brugnottogroup.it\/fr\/sustainability\/#breadcrumb"},"inLanguage":"fr-FR","potentialAction":[{"@type":"ReadAction","target":["https:\/\/hicontract.brugnottogroup.it\/fr\/sustainability\/"]}]},{"@type":"BreadcrumbList","@id":"https:\/\/hicontract.brugnottogroup.it\/fr\/sustainability\/#breadcrumb","itemListElement":[{"@type":"ListItem","position":1,"name":"Home","item":"https:\/\/hicontract.brugnottogroup.it\/fr\/"},{"@type":"ListItem","position":2,"name":"DURABILIT\u00c9"}]},{"@type":"WebSite","@id":"https:\/\/hicontract.brugnottogroup.it\/#website","url":"https:\/\/hicontract.brugnottogroup.it\/","name":"Hi Contract Brugnotto Group","description":"Innovative Interior and Design Makers","publisher":{"@id":"https:\/\/hicontract.brugnottogroup.it\/#organization"},"potentialAction":[{"@type":"SearchAction","target":{"@type":"EntryPoint","urlTemplate":"https:\/\/hicontract.brugnottogroup.it\/?s={search_term_string}"},"query-input":{"@type":"PropertyValueSpecification","valueRequired":true,"valueName":"search_term_string"}}],"inLanguage":"fr-FR"},{"@type":"Organization","@id":"https:\/\/hicontract.brugnottogroup.it\/#organization","name":"Hi Contract","url":"https:\/\/hicontract.brugnottogroup.it\/","logo":{"@type":"ImageObject","inLanguage":"fr-FR","@id":"https:\/\/hicontract.brugnottogroup.it\/#\/schema\/logo\/image\/","url":"https:\/\/hicontract.brugnottogroup.it\/wp-content\/uploads\/2022\/04\/hi-contract-vert-black.jpg","contentUrl":"https:\/\/hicontract.brugnottogroup.it\/wp-content\/uploads\/2022\/04\/hi-contract-vert-black.jpg","width":1417,"height":752,"caption":"Hi Contract"},"image":{"@id":"https:\/\/hicontract.brugnottogroup.it\/#\/schema\/logo\/image\/"},"sameAs":["https:\/\/www.facebook.com\/brugnottohicontract\/","https:\/\/www.instagram.com\/hicontract_brugnotto\/","https:\/\/www.linkedin.com\/showcase\/brugnotto-hi-contract"]}]}},"_links":{"self":[{"href":"https:\/\/hicontract.brugnottogroup.it\/fr\/wp-json\/wp\/v2\/pages\/4847","targetHints":{"allow":["GET"]}}],"collection":[{"href":"https:\/\/hicontract.brugnottogroup.it\/fr\/wp-json\/wp\/v2\/pages"}],"about":[{"href":"https:\/\/hicontract.brugnottogroup.it\/fr\/wp-json\/wp\/v2\/types\/page"}],"author":[{"embeddable":true,"href":"https:\/\/hicontract.brugnottogroup.it\/fr\/wp-json\/wp\/v2\/users\/1"}],"replies":[{"embeddable":true,"href":"https:\/\/hicontract.brugnottogroup.it\/fr\/wp-json\/wp\/v2\/comments?post=4847"}],"version-history":[{"count":6,"href":"https:\/\/hicontract.brugnottogroup.it\/fr\/wp-json\/wp\/v2\/pages\/4847\/revisions"}],"predecessor-version":[{"id":11630,"href":"https:\/\/hicontract.brugnottogroup.it\/fr\/wp-json\/wp\/v2\/pages\/4847\/revisions\/11630"}],"wp:attachment":[{"href":"https:\/\/hicontract.brugnottogroup.it\/fr\/wp-json\/wp\/v2\/media?parent=4847"}],"curies":[{"name":"wp","href":"https:\/\/api.w.org\/{rel}","templated":true}]}}