{"id":4849,"date":"2018-03-30T12:54:21","date_gmt":"2018-03-30T10:54:21","guid":{"rendered":"https:\/\/hicontract.brugnottogroup.it\/?page_id=4849"},"modified":"2025-11-05T16:31:04","modified_gmt":"2025-11-05T15:31:04","slug":"historie","status":"publish","type":"page","link":"https:\/\/hicontract.brugnottogroup.it\/fr\/historie\/","title":{"rendered":"Historie"},"content":{"rendered":"<section class=\"wpb-content-wrapper\"><p>[vc_row content_width=&#8221;grid&#8221; css=&#8221;.vc_custom_1456313428285{padding-top: 100px !important;padding-bottom: 80px !important;}&#8221;][vc_column][vc_row_inner css=&#8221;.vc_custom_1456308959398{margin-right: -10px !important;margin-left: -10px !important;}&#8221;][vc_column_inner css=&#8221;.vc_custom_1564740689328{padding: 40px !important;background-color: #f9f9f9 !important;}&#8221; offset=&#8221;vc_col-md-6&#8243;][vc_column_text]<\/p>\n<h3 class=\"vc_custom_heading is-lined\">LE TR\u00c9SOR DE L&#8217;EXP\u00c9RIENCE<\/h3>\n<p><span style=\"font-weight: 400;\">Hi Contract est n\u00e9e de l&#8217;intuition du fondateur Franco Brugnotto, qui a r\u00e9uni une \u00e9quipe de professionnels exp\u00e9riment\u00e9s dans le monde du design d&#8217;int\u00e9rieur, de l&#8217;immobilier et des installations, pour cr\u00e9er une marque capable de soutenir le parcours cr\u00e9atif des architectes et designers et de concr\u00e9tiser leurs visions.<br \/>\n<\/span><span style=\"font-weight: 400;\">Un parcours qui a commenc\u00e9 d\u00e8s 1980.<\/span><\/p>\n<p>&nbsp;<\/p>\n<p><strong><span style=\"color: #807554;\">1980<\/span><br \/>\n<\/strong><span style=\"font-weight: 400;\">Brugnotto srl est n\u00e9e, un petit atelier artisanal\u00a0 cr\u00e9e dans un ancien entrep\u00f4t de la maison familiale. Pour les premiers clients, l&#8217;entreprise produit des pi\u00e8ces tourn\u00e9es en bois.<\/span><\/p>\n<p>&nbsp;<\/p>\n<p><span style=\"font-weight: 400;\"><strong><span style=\"color: #807554;\">1982<\/span><\/strong><br \/>\n<\/span><span style=\"font-weight: 400;\">Construction de la premi\u00e8re usine de production industrielle \u00e0 Pero di Breda di Piave, avec un d\u00e9partement de peinture et extension du parc de machines.<\/span><\/p>\n<p>&nbsp;<\/p>\n<p><span style=\"font-weight: 400;\"><strong><span style=\"color: #807554;\">1993<br \/>\n<\/span><\/strong><\/span><span style=\"font-weight: 400;\">Le d\u00e9partement de tournage est accoupl\u00e9 a l&#8217;usinage des panneaux. L&#8217;entreprise est d\u00e9sormais implant\u00e9e sur deux unit\u00e9s de production, l&#8217;une \u00e0 Pero di Breda et l&#8217;autre \u00e0 Zenson di Piave.<\/span><\/p>\n<p>&nbsp;<\/p>\n<p><strong><span style=\"color: #807554;\">1999<br \/>\n<\/span><\/strong><span style=\"font-weight: 400;\">Au fil des ans, la recherche de l&#8217;innovation et de la technologie n&#8217;a jamais cess\u00e9. Des tours \u00e0 8 axes sont int\u00e9gr\u00e9s dans la production, capables de travailler le bois en 3D guid\u00e9s par des programmes CAD-CAM.<\/span><\/p>\n<p>&nbsp;<\/p>\n<p><strong><span style=\"color: #807554;\">2007<br \/>\n<\/span><\/strong><span style=\"font-weight: 400;\">L&#8217;usine principale de Zenson di Piave est structur\u00e9e. <\/span><span style=\"font-weight: 400;\">La production devient massive et industrialis\u00e9e avec des syst\u00e8mes de chargement\/d\u00e9chargement automatiques et des technologies de pointe.<\/span><\/p>\n<p>&nbsp;<\/p>\n<p><strong><span style=\"color: #807554;\">2009<br \/>\n<\/span><\/strong><span style=\"font-weight: 400;\">L&#8217;entreprise s&#8217;est sp\u00e9cialis\u00e9e dans deux domaines : la conception et la fabrication de mobilier modulaire pour magasins, et la cr\u00e9ation de pr\u00e9sentoirs sur mesure avec de multiples technologies et mat\u00e9riaux.<\/span><\/p>\n<p>&nbsp;<\/p>\n<p><strong><span style=\"color: #807554;\">2011<br \/>\n<\/span><\/strong><span style=\"font-weight: 400;\">Premi\u00e8re participation au salon international Euroshop, leader dans le secteur de la distribution.<\/span><\/p>\n<p>&nbsp;<\/p>\n<p><strong><span style=\"color: #807554;\">2013<br \/>\n<\/span><\/strong>Les deux unit\u00e9s sont r\u00e9unies en un seul complexe de production. Dans ses 21.000 m\u00e8tres carr\u00e9s d&#8217;usines, les technologies de production les plus modernes sont pr\u00e9sentes, des professionnels qualifi\u00e9s et des concepteurs de grande exp\u00e9rience de travaillent ensemble pour le meilleur.[\/vc_column_text][\/vc_column_inner][vc_column_inner css=&#8221;.vc_custom_1456313205818{padding-right: 10px !important;padding-left: 10px !important;}&#8221; offset=&#8221;vc_col-md-6&#8243;][vc_video link=&#8221;https:\/\/youtu.be\/Bf0zAanJ8Es&#8221;][vc_empty_space height=&#8221;20&#8243;][vc_single_image image=&#8221;6553&#8243; img_size=&#8221;large&#8221; el_class=&#8221;hovercolor&#8221;][vc_empty_space height=&#8221;20&#8243;][vc_single_image image=&#8221;6557&#8243; img_size=&#8221;large&#8221; el_class=&#8221;hovercolor&#8221;][vc_empty_space height=&#8221;20&#8243;][vc_single_image image=&#8221;6561&#8243; img_size=&#8221;large&#8221; el_class=&#8221;hovercolor&#8221;][vc_empty_space height=&#8221;20&#8243;][vc_single_image image=&#8221;7798&#8243; img_size=&#8221;large&#8221; el_class=&#8221;hovercolor&#8221;][\/vc_column_inner][\/vc_row_inner][vc_empty_space height=&#8221;50&#8243;][vc_row_inner css=&#8221;.vc_custom_1456308959398{margin-right: -10px !important;margin-left: -10px !important;}&#8221;][vc_column_inner css=&#8221;.vc_custom_1456313205818{padding-right: 10px !important;padding-left: 10px !important;}&#8221; offset=&#8221;vc_col-md-6&#8243;][vc_single_image image=&#8221;7882&#8243; img_size=&#8221;large&#8221;][vc_empty_space height=&#8221;20&#8243;][vc_single_image image=&#8221;6187&#8243; img_size=&#8221;large&#8221;][vc_empty_space height=&#8221;20&#8243;][vc_single_image image=&#8221;5986&#8243; img_size=&#8221;large&#8221; el_class=&#8221;hovercolor&#8221;][vc_empty_space height=&#8221;20&#8243;][vc_single_image image=&#8221;6344&#8243; img_size=&#8221;large&#8221; el_class=&#8221;hovercolor&#8221;][vc_empty_space height=&#8221;10&#8243;][\/vc_column_inner][vc_column_inner css=&#8221;.vc_custom_1564740689328{padding: 40px !important;background-color: #f9f9f9 !important;}&#8221; offset=&#8221;vc_col-md-6&#8243;][vc_column_text]<span style=\"font-weight: 400;\"><strong><span style=\"color: #807554;\">2015<\/span><\/strong><br \/>\n<\/span><span style=\"font-weight: 400;\">Participation au salon HOST Milan pour le secteur alimentaire. D\u00e9but d&#8217;un processus d&#8217;expansion de l&#8217;offre au secteur horeca.<\/span><\/p>\n<p>&nbsp;<\/p>\n<p><span style=\"font-weight: 400;\"><strong><span style=\"color: #807554;\">2016<br \/>\n<\/span><\/strong><\/span><span style=\"font-weight: 400;\">Acquisition de l&#8217;unit\u00e9 de production 2 situ\u00e9e \u00e0 Fossalta di Piave pour un total d&#8217;environ 30 000 m\u00e8tres carr\u00e9s couverts.<\/span><\/p>\n<p>&nbsp;<\/p>\n<p><span style=\"font-weight: 400;\"><strong><span style=\"color: #807554;\">2018<\/span><\/strong><br \/>\n<\/span><span style=\"font-weight: 400;\">Naissance de la marque Hi Contract, qui s&#8217;adresse au monde des architectes pour la r\u00e9alisation de projets sur mesure. <\/span><span style=\"font-weight: 400;\">L&#8217;entreprise s&#8217;adresse en particulier aux secteurs de l\u2019HoReCa, des spa, des entreprises, et du commerce de d\u00e9tail.<\/span><\/p>\n<p>&nbsp;<\/p>\n<p><span style=\"font-weight: 400;\"><strong><span style=\"color: #807554;\">2019<\/span><\/strong><br \/>\n<\/span><span style=\"font-weight: 400;\">La soci\u00e9t\u00e9 obtient la certification FSC\u00ae Chain of Custodie (Forest Stewardship Council\u00ae A.C. Chain of Custody) et confirme son engagement \u00e0 utiliser des mati\u00e8res premi\u00e8res certifi\u00e9es provenant de for\u00eats consciemment g\u00e9r\u00e9es.<\/span><\/p>\n<p>&nbsp;<\/p>\n<p><span style=\"font-weight: 400;\"><strong><span style=\"color: #807554;\">2020<\/span><\/strong><br \/>\n<\/span><span style=\"font-weight: 400;\">Participation au salon Euroshop 2020 de D\u00fcsseldorf avec une nouvelle structure d\u2019entreprise et une image de groupe renouvel\u00e9e.<\/span><\/p>\n<p>&nbsp;<\/p>\n<p><span style=\"font-weight: 400;\"><strong><span style=\"color: #807554;\">2020 &#8211; 2021<\/span><\/strong><\/span><span style=\"font-weight: 400;\"><br \/>\nObtention des certifications ISO 9001 &#8220;Syst\u00e8me de Gestion pour la Qualit\u00e9&#8221;, ISO 45001 &#8220;Syst\u00e8mes de Gestion pour la Sant\u00e9 et S\u00e9curit\u00e9&#8221; et ISO 14001 &#8220;Syst\u00e8mes de Management Environnemental&#8221;.<br \/>\n<\/span><\/p>\n<p>&nbsp;<\/p>\n<p><span style=\"font-weight: 400;\"><strong><span style=\"color: #807554;\">2022 &#8211; 2023<\/span><\/strong><\/span><span style=\"font-weight: 400;\"><br \/>\nCr\u00e9ation de la nouvelle usine Lot 1 d\u00e9di\u00e9e \u00e0 l\u2019usinage <em>Just in time<\/em>. Un syst\u00e8me tr\u00e8s moderne \u00e9quip\u00e9 d\u2019un dep\u00f4t de panneaux avec chargement automatis\u00e9, coupe performance, plaqueuse chant et d\u00e9chargement automatis\u00e9 du produit semi-fini.<br \/>\n<\/span><\/p>\n<p>&nbsp;<\/p>\n<p><span style=\"font-weight: 400;\"><strong><span style=\"color: #807554;\">2024<\/span><\/strong><\/span><br \/>\nMise en place d\u2019un syst\u00e8me photovolta\u00efque de 1,7 MW dans les usines de la soci\u00e9t\u00e9 dans le but de minimiser les \u00e9missions de CO<sub>2<\/sub> et de faciliter la transition vers un avenir durable.[\/vc_column_text][\/vc_column_inner][\/vc_row_inner][\/vc_column][\/vc_row]<\/p>\n<\/section>","protected":false},"excerpt":{"rendered":"<p>[vc_row content_width=&#8221;grid&#8221; css=&#8221;.vc_custom_1456313428285{padding-top: 100px !important;padding-bottom: 80px !important;}&#8221;][vc_column][vc_row_inner css=&#8221;.vc_custom_1456308959398{margin-right: -10px !important;margin-left: -10px !important;}&#8221;][vc_column_inner css=&#8221;.vc_custom_1564740689328{padding: 40px !important;background-color: #f9f9f9 !important;}&#8221; offset=&#8221;vc_col-md-6&#8243;][vc_column_text] LE TR\u00c9SOR DE L&#8217;EXP\u00c9RIENCE Hi Contract est n\u00e9e de l&#8217;intuition du fondateur Franco Brugnotto, qui a r\u00e9uni une \u00e9quipe de professionnels exp\u00e9riment\u00e9s dans le monde du design [&hellip;]<\/p>\n","protected":false},"author":1,"featured_media":0,"parent":0,"menu_order":0,"comment_status":"closed","ping_status":"closed","template":"full-width.php","meta":{"_acf_changed":false,"footnotes":""},"class_list":["post-4849","page","type-page","status-publish","hentry"],"acf":[],"yoast_head":"<!-- This site is optimized with the Yoast SEO plugin v27.4 - https:\/\/yoast.com\/product\/yoast-seo-wordpress\/ -->\n<title>Historie - HI Contract<\/title>\n<meta name=\"robots\" content=\"index, follow, max-snippet:-1, max-image-preview:large, max-video-preview:-1\" \/>\n<link rel=\"canonical\" href=\"https:\/\/hicontract.brugnottogroup.it\/fr\/historie\/\" \/>\n<meta property=\"og:locale\" content=\"fr_FR\" \/>\n<meta property=\"og:type\" content=\"article\" \/>\n<meta property=\"og:title\" content=\"Historie - HI Contract\" \/>\n<meta property=\"og:description\" content=\"[vc_row content_width=&#8221;grid&#8221; css=&#8221;.vc_custom_1456313428285{padding-top: 100px !important;padding-bottom: 80px !important;}&#8221;][vc_column][vc_row_inner css=&#8221;.vc_custom_1456308959398{margin-right: -10px !important;margin-left: -10px !important;}&#8221;][vc_column_inner css=&#8221;.vc_custom_1564740689328{padding: 40px !important;background-color: #f9f9f9 !important;}&#8221; offset=&#8221;vc_col-md-6&#8243;][vc_column_text] LE TR\u00c9SOR DE L&#8217;EXP\u00c9RIENCE Hi Contract est n\u00e9e de l&#8217;intuition du fondateur Franco Brugnotto, qui a r\u00e9uni une \u00e9quipe de professionnels exp\u00e9riment\u00e9s dans le monde du design [&hellip;]\" \/>\n<meta property=\"og:url\" content=\"https:\/\/hicontract.brugnottogroup.it\/fr\/historie\/\" \/>\n<meta property=\"og:site_name\" content=\"HI Contract\" \/>\n<meta property=\"article:publisher\" content=\"https:\/\/www.facebook.com\/brugnottohicontract\/\" \/>\n<meta property=\"article:modified_time\" content=\"2025-11-05T15:31:04+00:00\" \/>\n<meta property=\"og:image\" content=\"https:\/\/hicontract.brugnottogroup.it\/wp-content\/uploads\/2018\/02\/HI_620X440.jpg\" \/>\n\t<meta property=\"og:image:width\" content=\"620\" \/>\n\t<meta property=\"og:image:height\" content=\"440\" \/>\n\t<meta property=\"og:image:type\" content=\"image\/jpeg\" \/>\n<meta name=\"twitter:card\" content=\"summary_large_image\" \/>\n<meta name=\"twitter:label1\" content=\"Dur\u00e9e de lecture estim\u00e9e\" \/>\n\t<meta name=\"twitter:data1\" content=\"5 minutes\" \/>\n<script type=\"application\/ld+json\" class=\"yoast-schema-graph\">{\"@context\":\"https:\\\/\\\/schema.org\",\"@graph\":[{\"@type\":\"WebPage\",\"@id\":\"https:\\\/\\\/hicontract.brugnottogroup.it\\\/fr\\\/historie\\\/\",\"url\":\"https:\\\/\\\/hicontract.brugnottogroup.it\\\/fr\\\/historie\\\/\",\"name\":\"Historie - HI Contract\",\"isPartOf\":{\"@id\":\"https:\\\/\\\/hicontract.brugnottogroup.it\\\/#website\"},\"datePublished\":\"2018-03-30T10:54:21+00:00\",\"dateModified\":\"2025-11-05T15:31:04+00:00\",\"breadcrumb\":{\"@id\":\"https:\\\/\\\/hicontract.brugnottogroup.it\\\/fr\\\/historie\\\/#breadcrumb\"},\"inLanguage\":\"fr-FR\",\"potentialAction\":[{\"@type\":\"ReadAction\",\"target\":[\"https:\\\/\\\/hicontract.brugnottogroup.it\\\/fr\\\/historie\\\/\"]}]},{\"@type\":\"BreadcrumbList\",\"@id\":\"https:\\\/\\\/hicontract.brugnottogroup.it\\\/fr\\\/historie\\\/#breadcrumb\",\"itemListElement\":[{\"@type\":\"ListItem\",\"position\":1,\"name\":\"Home\",\"item\":\"https:\\\/\\\/hicontract.brugnottogroup.it\\\/fr\\\/\"},{\"@type\":\"ListItem\",\"position\":2,\"name\":\"Historie\"}]},{\"@type\":\"WebSite\",\"@id\":\"https:\\\/\\\/hicontract.brugnottogroup.it\\\/#website\",\"url\":\"https:\\\/\\\/hicontract.brugnottogroup.it\\\/\",\"name\":\"Hi Contract Brugnotto Group\",\"description\":\"Innovative Interior and Design Makers\",\"publisher\":{\"@id\":\"https:\\\/\\\/hicontract.brugnottogroup.it\\\/#organization\"},\"potentialAction\":[{\"@type\":\"SearchAction\",\"target\":{\"@type\":\"EntryPoint\",\"urlTemplate\":\"https:\\\/\\\/hicontract.brugnottogroup.it\\\/?s={search_term_string}\"},\"query-input\":{\"@type\":\"PropertyValueSpecification\",\"valueRequired\":true,\"valueName\":\"search_term_string\"}}],\"inLanguage\":\"fr-FR\"},{\"@type\":\"Organization\",\"@id\":\"https:\\\/\\\/hicontract.brugnottogroup.it\\\/#organization\",\"name\":\"Hi Contract\",\"url\":\"https:\\\/\\\/hicontract.brugnottogroup.it\\\/\",\"logo\":{\"@type\":\"ImageObject\",\"inLanguage\":\"fr-FR\",\"@id\":\"https:\\\/\\\/hicontract.brugnottogroup.it\\\/#\\\/schema\\\/logo\\\/image\\\/\",\"url\":\"https:\\\/\\\/hicontract.brugnottogroup.it\\\/wp-content\\\/uploads\\\/2022\\\/04\\\/hi-contract-vert-black.jpg\",\"contentUrl\":\"https:\\\/\\\/hicontract.brugnottogroup.it\\\/wp-content\\\/uploads\\\/2022\\\/04\\\/hi-contract-vert-black.jpg\",\"width\":1417,\"height\":752,\"caption\":\"Hi Contract\"},\"image\":{\"@id\":\"https:\\\/\\\/hicontract.brugnottogroup.it\\\/#\\\/schema\\\/logo\\\/image\\\/\"},\"sameAs\":[\"https:\\\/\\\/www.facebook.com\\\/brugnottohicontract\\\/\",\"https:\\\/\\\/www.instagram.com\\\/hicontract_brugnotto\\\/\",\"https:\\\/\\\/www.linkedin.com\\\/showcase\\\/brugnotto-hi-contract\"]}]}<\/script>\n<!-- \/ Yoast SEO plugin. -->","yoast_head_json":{"title":"Historie - HI Contract","robots":{"index":"index","follow":"follow","max-snippet":"max-snippet:-1","max-image-preview":"max-image-preview:large","max-video-preview":"max-video-preview:-1"},"canonical":"https:\/\/hicontract.brugnottogroup.it\/fr\/historie\/","og_locale":"fr_FR","og_type":"article","og_title":"Historie - HI Contract","og_description":"[vc_row content_width=&#8221;grid&#8221; css=&#8221;.vc_custom_1456313428285{padding-top: 100px !important;padding-bottom: 80px !important;}&#8221;][vc_column][vc_row_inner css=&#8221;.vc_custom_1456308959398{margin-right: -10px !important;margin-left: -10px !important;}&#8221;][vc_column_inner css=&#8221;.vc_custom_1564740689328{padding: 40px !important;background-color: #f9f9f9 !important;}&#8221; offset=&#8221;vc_col-md-6&#8243;][vc_column_text] LE TR\u00c9SOR DE L&#8217;EXP\u00c9RIENCE Hi Contract est n\u00e9e de l&#8217;intuition du fondateur Franco Brugnotto, qui a r\u00e9uni une \u00e9quipe de professionnels exp\u00e9riment\u00e9s dans le monde du design [&hellip;]","og_url":"https:\/\/hicontract.brugnottogroup.it\/fr\/historie\/","og_site_name":"HI Contract","article_publisher":"https:\/\/www.facebook.com\/brugnottohicontract\/","article_modified_time":"2025-11-05T15:31:04+00:00","og_image":[{"width":620,"height":440,"url":"https:\/\/hicontract.brugnottogroup.it\/wp-content\/uploads\/2018\/02\/HI_620X440.jpg","type":"image\/jpeg"}],"twitter_card":"summary_large_image","twitter_misc":{"Dur\u00e9e de lecture estim\u00e9e":"5 minutes"},"schema":{"@context":"https:\/\/schema.org","@graph":[{"@type":"WebPage","@id":"https:\/\/hicontract.brugnottogroup.it\/fr\/historie\/","url":"https:\/\/hicontract.brugnottogroup.it\/fr\/historie\/","name":"Historie - HI Contract","isPartOf":{"@id":"https:\/\/hicontract.brugnottogroup.it\/#website"},"datePublished":"2018-03-30T10:54:21+00:00","dateModified":"2025-11-05T15:31:04+00:00","breadcrumb":{"@id":"https:\/\/hicontract.brugnottogroup.it\/fr\/historie\/#breadcrumb"},"inLanguage":"fr-FR","potentialAction":[{"@type":"ReadAction","target":["https:\/\/hicontract.brugnottogroup.it\/fr\/historie\/"]}]},{"@type":"BreadcrumbList","@id":"https:\/\/hicontract.brugnottogroup.it\/fr\/historie\/#breadcrumb","itemListElement":[{"@type":"ListItem","position":1,"name":"Home","item":"https:\/\/hicontract.brugnottogroup.it\/fr\/"},{"@type":"ListItem","position":2,"name":"Historie"}]},{"@type":"WebSite","@id":"https:\/\/hicontract.brugnottogroup.it\/#website","url":"https:\/\/hicontract.brugnottogroup.it\/","name":"Hi Contract Brugnotto Group","description":"Innovative Interior and Design Makers","publisher":{"@id":"https:\/\/hicontract.brugnottogroup.it\/#organization"},"potentialAction":[{"@type":"SearchAction","target":{"@type":"EntryPoint","urlTemplate":"https:\/\/hicontract.brugnottogroup.it\/?s={search_term_string}"},"query-input":{"@type":"PropertyValueSpecification","valueRequired":true,"valueName":"search_term_string"}}],"inLanguage":"fr-FR"},{"@type":"Organization","@id":"https:\/\/hicontract.brugnottogroup.it\/#organization","name":"Hi Contract","url":"https:\/\/hicontract.brugnottogroup.it\/","logo":{"@type":"ImageObject","inLanguage":"fr-FR","@id":"https:\/\/hicontract.brugnottogroup.it\/#\/schema\/logo\/image\/","url":"https:\/\/hicontract.brugnottogroup.it\/wp-content\/uploads\/2022\/04\/hi-contract-vert-black.jpg","contentUrl":"https:\/\/hicontract.brugnottogroup.it\/wp-content\/uploads\/2022\/04\/hi-contract-vert-black.jpg","width":1417,"height":752,"caption":"Hi Contract"},"image":{"@id":"https:\/\/hicontract.brugnottogroup.it\/#\/schema\/logo\/image\/"},"sameAs":["https:\/\/www.facebook.com\/brugnottohicontract\/","https:\/\/www.instagram.com\/hicontract_brugnotto\/","https:\/\/www.linkedin.com\/showcase\/brugnotto-hi-contract"]}]}},"_links":{"self":[{"href":"https:\/\/hicontract.brugnottogroup.it\/fr\/wp-json\/wp\/v2\/pages\/4849","targetHints":{"allow":["GET"]}}],"collection":[{"href":"https:\/\/hicontract.brugnottogroup.it\/fr\/wp-json\/wp\/v2\/pages"}],"about":[{"href":"https:\/\/hicontract.brugnottogroup.it\/fr\/wp-json\/wp\/v2\/types\/page"}],"author":[{"embeddable":true,"href":"https:\/\/hicontract.brugnottogroup.it\/fr\/wp-json\/wp\/v2\/users\/1"}],"replies":[{"embeddable":true,"href":"https:\/\/hicontract.brugnottogroup.it\/fr\/wp-json\/wp\/v2\/comments?post=4849"}],"version-history":[{"count":16,"href":"https:\/\/hicontract.brugnottogroup.it\/fr\/wp-json\/wp\/v2\/pages\/4849\/revisions"}],"predecessor-version":[{"id":11948,"href":"https:\/\/hicontract.brugnottogroup.it\/fr\/wp-json\/wp\/v2\/pages\/4849\/revisions\/11948"}],"wp:attachment":[{"href":"https:\/\/hicontract.brugnottogroup.it\/fr\/wp-json\/wp\/v2\/media?parent=4849"}],"curies":[{"name":"wp","href":"https:\/\/api.w.org\/{rel}","templated":true}]}}