{"id":6429,"date":"2018-11-14T12:14:30","date_gmt":"2018-11-14T11:14:30","guid":{"rendered":"https:\/\/hicontract.brugnottogroup.it\/projets\/pharmacies\/"},"modified":"2022-11-30T11:20:15","modified_gmt":"2022-11-30T10:20:15","slug":"pharmacies","status":"publish","type":"page","link":"https:\/\/hicontract.brugnottogroup.it\/fr\/projets\/pharmacies\/","title":{"rendered":"Pharmacies"},"content":{"rendered":"<section class=\"wpb-content-wrapper\"><p>[vc_row content_width=&#8221;grid&#8221; content_aligment=&#8221;center&#8221; css=&#8221;.vc_custom_1519732442817{padding-top: 50px !important;padding-bottom: 25px !important;}&#8221;][vc_column][vc_column_text]De l&#8217;exp\u00e9rience et de la sensibilit\u00e9 de Hi Contract, la pharmacie du futur est n\u00e9e: moderne, dynamique, exclusive.<br \/>\nUn mod\u00e8le de pharmacie \u00e9clectique capable de donner une nouvelle vie \u00e0 la tradition, qui propose diff\u00e9rentes solutions de r\u00e9alisation architecturale et structurelle ainsi que tous les outils n\u00e9cessaires pour atteindre les objectifs les plus personnels.[\/vc_column_text][\/vc_column][\/vc_row][vc_row][vc_column]<div class = \"edgtf-portfolio-list-holder-outer edgtf-ptf-gallery edgtf-ptf-five-columns edgtf-with-space edgtf-ptf-on-holder-with-space edgtf-shader\" data-next-page= 2 data-type= gallery data-space= yes data-gallery-hover-type= shader data-columns= 5 data-grid-size= three data-order-by= date data-order= DESC data-number= -1 data-image-size= landscape data-filter= no data-filter-order-by= name data-change-layout= no data-category= pharmacies-fr data-show-load-more= no data-title-tag= h4 data-max-num-pages = 0><div class = \"edgtf-portfolio-list-holder clearfix\" >\n<article class=\"edgtf-portfolio-item mix portfolio_category_180\" >\n\t<a class =\"edgtf-portfolio-link\" href=\"https:\/\/hicontract.brugnottogroup.it\/fr\/portfolio-item\/farmacia-bruscagnin\/\"><\/a>\n\t<div class = \"edgtf-item-image-holder\">\n\t<img loading=\"lazy\" decoding=\"async\" width=\"800\" height=\"600\" src=\"https:\/\/hicontract.brugnottogroup.it\/wp-content\/uploads\/2022\/06\/DSC_1428-800x600.jpg\" class=\"attachment-conall_edge_landscape size-conall_edge_landscape wp-post-image\" alt=\"\" srcset=\"https:\/\/hicontract.brugnottogroup.it\/wp-content\/uploads\/2022\/06\/DSC_1428-800x600.jpg 800w, https:\/\/hicontract.brugnottogroup.it\/wp-content\/uploads\/2022\/06\/DSC_1428-1600x1200.jpg 1600w, https:\/\/hicontract.brugnottogroup.it\/wp-content\/uploads\/2022\/06\/DSC_1428-76x58.jpg 76w\" sizes=\"auto, (max-width: 800px) 100vw, 800px\" \/>\t\t\t\t\n\t<\/div>\n\t<div class=\"edgtf-item-text-overlay\">\n\t\t<div class=\"edgtf-item-text-overlay-inner\">\n\t\t\t<div class=\"edgtf-item-text-holder\">\n\t\t\t\t<h4 class=\"edgtf-item-title\" >\n\t\t\t\t\tPharmacie Bruscagnin\t\t\t\t<\/h4>\t\n\t\t\t\t<div class=\"edgtf-ptf-category-holder\"><span class=\"edgtf-ptf-category\"><span> | <\/span><span>Pharmacies<\/span><\/span><\/div>\t\t\t<\/div>\n\t\t<\/div>\t\n\t<\/div>\n<\/article>\n\n<article class=\"edgtf-portfolio-item mix portfolio_category_180\" >\n\t<a class =\"edgtf-portfolio-link\" href=\"https:\/\/hicontract.brugnottogroup.it\/fr\/portfolio-item\/farmacia-cordusio\/\"><\/a>\n\t<div class = \"edgtf-item-image-holder\">\n\t<img loading=\"lazy\" decoding=\"async\" width=\"800\" height=\"600\" src=\"https:\/\/hicontract.brugnottogroup.it\/wp-content\/uploads\/2019\/07\/1-FARMACIA.CORDUSIO_001-800x600.jpg\" class=\"attachment-conall_edge_landscape size-conall_edge_landscape wp-post-image\" alt=\"\" srcset=\"https:\/\/hicontract.brugnottogroup.it\/wp-content\/uploads\/2019\/07\/1-FARMACIA.CORDUSIO_001-800x600.jpg 800w, https:\/\/hicontract.brugnottogroup.it\/wp-content\/uploads\/2019\/07\/1-FARMACIA.CORDUSIO_001-1600x1200.jpg 1600w, https:\/\/hicontract.brugnottogroup.it\/wp-content\/uploads\/2019\/07\/1-FARMACIA.CORDUSIO_001-76x58.jpg 76w\" sizes=\"auto, (max-width: 800px) 100vw, 800px\" \/>\t\t\t\t\n\t<\/div>\n\t<div class=\"edgtf-item-text-overlay\">\n\t\t<div class=\"edgtf-item-text-overlay-inner\">\n\t\t\t<div class=\"edgtf-item-text-holder\">\n\t\t\t\t<h4 class=\"edgtf-item-title\" >\n\t\t\t\t\tPharmacie Cordusio\t\t\t\t<\/h4>\t\n\t\t\t\t<div class=\"edgtf-ptf-category-holder\"><span class=\"edgtf-ptf-category\"><span> | <\/span><span>Pharmacies<\/span><\/span><\/div>\t\t\t<\/div>\n\t\t<\/div>\t\n\t<\/div>\n<\/article>\n\n<article class=\"edgtf-portfolio-item mix portfolio_category_180\" >\n\t<a class =\"edgtf-portfolio-link\" href=\"https:\/\/hicontract.brugnottogroup.it\/fr\/portfolio-item\/farmacia-falqui\/\"><\/a>\n\t<div class = \"edgtf-item-image-holder\">\n\t<img loading=\"lazy\" decoding=\"async\" width=\"800\" height=\"600\" src=\"https:\/\/hicontract.brugnottogroup.it\/wp-content\/uploads\/2019\/07\/2-FARMACIA.FALQUI_007-800x600.jpg\" class=\"attachment-conall_edge_landscape size-conall_edge_landscape wp-post-image\" alt=\"\" srcset=\"https:\/\/hicontract.brugnottogroup.it\/wp-content\/uploads\/2019\/07\/2-FARMACIA.FALQUI_007-800x600.jpg 800w, https:\/\/hicontract.brugnottogroup.it\/wp-content\/uploads\/2019\/07\/2-FARMACIA.FALQUI_007-1600x1200.jpg 1600w, https:\/\/hicontract.brugnottogroup.it\/wp-content\/uploads\/2019\/07\/2-FARMACIA.FALQUI_007-76x58.jpg 76w\" sizes=\"auto, (max-width: 800px) 100vw, 800px\" \/>\t\t\t\t\n\t<\/div>\n\t<div class=\"edgtf-item-text-overlay\">\n\t\t<div class=\"edgtf-item-text-overlay-inner\">\n\t\t\t<div class=\"edgtf-item-text-holder\">\n\t\t\t\t<h4 class=\"edgtf-item-title\" >\n\t\t\t\t\tPharmacie Falqui\t\t\t\t<\/h4>\t\n\t\t\t\t<div class=\"edgtf-ptf-category-holder\"><span class=\"edgtf-ptf-category\"><span> | <\/span><span>Pharmacies<\/span><\/span><\/div>\t\t\t<\/div>\n\t\t<\/div>\t\n\t<\/div>\n<\/article>\n\n<article class=\"edgtf-portfolio-item mix portfolio_category_180\" >\n\t<a class =\"edgtf-portfolio-link\" href=\"https:\/\/hicontract.brugnottogroup.it\/fr\/portfolio-item\/farmacio-moncucco\/\"><\/a>\n\t<div class = \"edgtf-item-image-holder\">\n\t<img loading=\"lazy\" decoding=\"async\" width=\"800\" height=\"600\" src=\"https:\/\/hicontract.brugnottogroup.it\/wp-content\/uploads\/2019\/07\/2-FARMACIA.BRUGHERIO_011-800x600.jpg\" class=\"attachment-conall_edge_landscape size-conall_edge_landscape wp-post-image\" alt=\"\" srcset=\"https:\/\/hicontract.brugnottogroup.it\/wp-content\/uploads\/2019\/07\/2-FARMACIA.BRUGHERIO_011-800x600.jpg 800w, https:\/\/hicontract.brugnottogroup.it\/wp-content\/uploads\/2019\/07\/2-FARMACIA.BRUGHERIO_011-1600x1200.jpg 1600w, https:\/\/hicontract.brugnottogroup.it\/wp-content\/uploads\/2019\/07\/2-FARMACIA.BRUGHERIO_011-76x58.jpg 76w\" sizes=\"auto, (max-width: 800px) 100vw, 800px\" \/>\t\t\t\t\n\t<\/div>\n\t<div class=\"edgtf-item-text-overlay\">\n\t\t<div class=\"edgtf-item-text-overlay-inner\">\n\t\t\t<div class=\"edgtf-item-text-holder\">\n\t\t\t\t<h4 class=\"edgtf-item-title\" >\n\t\t\t\t\tPharmacie Moncucco\t\t\t\t<\/h4>\t\n\t\t\t\t<div class=\"edgtf-ptf-category-holder\"><span class=\"edgtf-ptf-category\"><span> | <\/span><span>Pharmacies<\/span><\/span><\/div>\t\t\t<\/div>\n\t\t<\/div>\t\n\t<\/div>\n<\/article>\n\n<article class=\"edgtf-portfolio-item mix portfolio_category_180\" >\n\t<a class =\"edgtf-portfolio-link\" href=\"https:\/\/hicontract.brugnottogroup.it\/fr\/portfolio-item\/farmacia-san-marco\/\"><\/a>\n\t<div class = \"edgtf-item-image-holder\">\n\t<img loading=\"lazy\" decoding=\"async\" width=\"800\" height=\"600\" src=\"https:\/\/hicontract.brugnottogroup.it\/wp-content\/uploads\/2019\/07\/5-23-800x600.jpg\" class=\"attachment-conall_edge_landscape size-conall_edge_landscape wp-post-image\" alt=\"\" srcset=\"https:\/\/hicontract.brugnottogroup.it\/wp-content\/uploads\/2019\/07\/5-23-800x600.jpg 800w, https:\/\/hicontract.brugnottogroup.it\/wp-content\/uploads\/2019\/07\/5-23-1600x1200.jpg 1600w, https:\/\/hicontract.brugnottogroup.it\/wp-content\/uploads\/2019\/07\/5-23-76x58.jpg 76w\" sizes=\"auto, (max-width: 800px) 100vw, 800px\" \/>\t\t\t\t\n\t<\/div>\n\t<div class=\"edgtf-item-text-overlay\">\n\t\t<div class=\"edgtf-item-text-overlay-inner\">\n\t\t\t<div class=\"edgtf-item-text-holder\">\n\t\t\t\t<h4 class=\"edgtf-item-title\" >\n\t\t\t\t\tPharmacie San Marco\t\t\t\t<\/h4>\t\n\t\t\t\t<div class=\"edgtf-ptf-category-holder\"><span class=\"edgtf-ptf-category\"><span> | <\/span><span>Pharmacies<\/span><\/span><\/div>\t\t\t<\/div>\n\t\t<\/div>\t\n\t<\/div>\n<\/article>\n\n<article class=\"edgtf-portfolio-item mix portfolio_category_180\" >\n\t<a class =\"edgtf-portfolio-link\" href=\"https:\/\/hicontract.brugnottogroup.it\/fr\/portfolio-item\/farmacia-medina\/\"><\/a>\n\t<div class = \"edgtf-item-image-holder\">\n\t<img loading=\"lazy\" decoding=\"async\" width=\"800\" height=\"600\" src=\"https:\/\/hicontract.brugnottogroup.it\/wp-content\/uploads\/2019\/07\/5-9-800x600.jpg\" class=\"attachment-conall_edge_landscape size-conall_edge_landscape wp-post-image\" alt=\"\" srcset=\"https:\/\/hicontract.brugnottogroup.it\/wp-content\/uploads\/2019\/07\/5-9-800x600.jpg 800w, https:\/\/hicontract.brugnottogroup.it\/wp-content\/uploads\/2019\/07\/5-9-1600x1200.jpg 1600w, https:\/\/hicontract.brugnottogroup.it\/wp-content\/uploads\/2019\/07\/5-9-76x58.jpg 76w\" sizes=\"auto, (max-width: 800px) 100vw, 800px\" \/>\t\t\t\t\n\t<\/div>\n\t<div class=\"edgtf-item-text-overlay\">\n\t\t<div class=\"edgtf-item-text-overlay-inner\">\n\t\t\t<div class=\"edgtf-item-text-holder\">\n\t\t\t\t<h4 class=\"edgtf-item-title\" >\n\t\t\t\t\tPharmacie Medina\t\t\t\t<\/h4>\t\n\t\t\t\t<div class=\"edgtf-ptf-category-holder\"><span class=\"edgtf-ptf-category\"><span> | <\/span><span>Pharmacies<\/span><\/span><\/div>\t\t\t<\/div>\n\t\t<\/div>\t\n\t<\/div>\n<\/article>\n<div class='edgtf-gap'><\/div>\n<div class='edgtf-gap'><\/div>\n<div class='edgtf-gap'><\/div>\n<div class='edgtf-gap'><\/div>\n<div class='edgtf-gap'><\/div>\n<\/div><\/div>[\/vc_column][\/vc_row][vc_row content_width=&#8221;grid&#8221; content_aligment=&#8221;center&#8221; css=&#8221;.vc_custom_1519732458983{padding-top: 25px !important;padding-bottom: 50px !important;}&#8221;][vc_column][vc_column_text]<\/p>\n<h3>TOUS LES PROJETS<\/h3>\n<h4>PHARMACIES<\/h4>\n<p style=\"font-size: 18px;\"><a href=\"https:\/\/hicontract.brugnottogroup.it\/fr\/portfolio-item\/farmacia-bruscagnin\/\">PHARMACIE BRUSCAGNIN<\/a> \/ <a href=\"https:\/\/hicontract.brugnottogroup.it\/fr\/portfolio-item\/bertero-pharmacy\/\">PHARMACIE BERTERO<\/a> \/ FANCHIOTTI \/ <a href=\"https:\/\/hicontract.brugnottogroup.it\/fr\/portfolio-item\/farmacia-cordusio\/\">FARMACIA CORDUSIO<\/a> \/ <a href=\"https:\/\/hicontract.brugnottogroup.it\/fr\/portfolio-item\/porpora\/\">PORPORA<\/a> \/ FASANO \/ URGNANO \/ MORIONDO \/ SANTA CHIARA \/ LA FENICIA 2 \/ DI CASTELLETTO \/ I GELSI \/ <a href=\"https:\/\/hicontract.brugnottogroup.it\/fr\/portfolio-item\/farmacia-falqui\/\">FARMACIA FALQUI<\/a> \/ DR. CITRINITI\u2019S PARAPHARMACY SHOP \/ REGIA MASINO \/ SAVINO \/ DEL BORGO VECCHIO \/ DR. DENINA PHARMACIE \/ <a href=\"https:\/\/hicontract.brugnottogroup.it\/fr\/portfolio-item\/farmacio-moncucco\/\">FARMACIA MONCUCCO<\/a> \/ PHARMACIE ANGLAISE DES CHAMPS ELYS\u00c9ES \/ CENTRALE \/CALMAGGIORE \/ BERTAZZONI \/ <a href=\"https:\/\/hicontract.brugnottogroup.it\/fr\/portfolio-item\/farmacia-san-marco\/\">FARMACIA SAN MARCO<\/a> \/ PHARMACIE DU SOLEIL \/ <a href=\"https:\/\/hicontract.brugnottogroup.it\/fr\/portfolio-item\/farmacia-medina\/\">FARMACIA MEDINA<\/a><\/p>\n<p>[\/vc_column_text][\/vc_column][\/vc_row]<\/p>\n<\/section>","protected":false},"excerpt":{"rendered":"<p>[vc_row content_width=&#8221;grid&#8221; content_aligment=&#8221;center&#8221; css=&#8221;.vc_custom_1519732442817{padding-top: 50px !important;padding-bottom: 25px !important;}&#8221;][vc_column][vc_column_text]De l&#8217;exp\u00e9rience et de la sensibilit\u00e9 de Hi Contract, la pharmacie du futur est n\u00e9e: moderne, dynamique, exclusive. Un mod\u00e8le de pharmacie \u00e9clectique capable de donner une nouvelle vie \u00e0 la tradition, qui propose diff\u00e9rentes solutions de r\u00e9alisation [&hellip;]<\/p>\n","protected":false},"author":1,"featured_media":0,"parent":4772,"menu_order":0,"comment_status":"closed","ping_status":"closed","template":"full-width.php","meta":{"_acf_changed":false,"footnotes":""},"class_list":["post-6429","page","type-page","status-publish","hentry"],"acf":[],"yoast_head":"<!-- This site is optimized with the Yoast SEO plugin v27.4 - https:\/\/yoast.com\/product\/yoast-seo-wordpress\/ -->\n<title>Pharmacies - HI Contract<\/title>\n<meta name=\"description\" content=\"HI Contract coniuga identit\u00e0 aziendale e esigenze funzionali della marca attraverso la realizzazione di show-room e negozi per i pi\u00f9 prestigiosi brand dell\u2019industrial design, del lusso, della moda, del largo consumo, della cura della persona e della ristorazione.\" \/>\n<meta name=\"robots\" content=\"index, follow, max-snippet:-1, max-image-preview:large, max-video-preview:-1\" \/>\n<link rel=\"canonical\" href=\"https:\/\/hicontract.brugnottogroup.it\/fr\/projets\/pharmacies\/\" \/>\n<meta property=\"og:locale\" content=\"fr_FR\" \/>\n<meta property=\"og:type\" content=\"article\" \/>\n<meta property=\"og:title\" content=\"Pharmacies - HI Contract\" \/>\n<meta property=\"og:description\" content=\"HI Contract coniuga identit\u00e0 aziendale e esigenze funzionali della marca attraverso la realizzazione di show-room e negozi per i pi\u00f9 prestigiosi brand dell\u2019industrial design, del lusso, della moda, del largo consumo, della cura della persona e della ristorazione.\" \/>\n<meta property=\"og:url\" content=\"https:\/\/hicontract.brugnottogroup.it\/fr\/projets\/pharmacies\/\" \/>\n<meta property=\"og:site_name\" content=\"HI Contract\" \/>\n<meta property=\"article:publisher\" content=\"https:\/\/www.facebook.com\/brugnottohicontract\/\" \/>\n<meta property=\"article:modified_time\" content=\"2022-11-30T10:20:15+00:00\" \/>\n<meta property=\"og:image\" content=\"https:\/\/hicontract.brugnottogroup.it\/wp-content\/uploads\/2018\/02\/HI_620X440.jpg\" \/>\n\t<meta property=\"og:image:width\" content=\"620\" \/>\n\t<meta property=\"og:image:height\" content=\"440\" \/>\n\t<meta property=\"og:image:type\" content=\"image\/jpeg\" \/>\n<meta name=\"twitter:card\" content=\"summary_large_image\" \/>\n<meta name=\"twitter:label1\" content=\"Dur\u00e9e de lecture estim\u00e9e\" \/>\n\t<meta name=\"twitter:data1\" content=\"1 minute\" \/>\n<script type=\"application\/ld+json\" class=\"yoast-schema-graph\">{\"@context\":\"https:\\\/\\\/schema.org\",\"@graph\":[{\"@type\":\"WebPage\",\"@id\":\"https:\\\/\\\/hicontract.brugnottogroup.it\\\/fr\\\/projets\\\/pharmacies\\\/\",\"url\":\"https:\\\/\\\/hicontract.brugnottogroup.it\\\/fr\\\/projets\\\/pharmacies\\\/\",\"name\":\"Pharmacies - HI Contract\",\"isPartOf\":{\"@id\":\"https:\\\/\\\/hicontract.brugnottogroup.it\\\/#website\"},\"datePublished\":\"2018-11-14T11:14:30+00:00\",\"dateModified\":\"2022-11-30T10:20:15+00:00\",\"description\":\"HI Contract coniuga identit\u00e0 aziendale e esigenze funzionali della marca attraverso la realizzazione di show-room e negozi per i pi\u00f9 prestigiosi brand dell\u2019industrial design, del lusso, della moda, del largo consumo, della cura della persona e della ristorazione.\",\"breadcrumb\":{\"@id\":\"https:\\\/\\\/hicontract.brugnottogroup.it\\\/fr\\\/projets\\\/pharmacies\\\/#breadcrumb\"},\"inLanguage\":\"fr-FR\",\"potentialAction\":[{\"@type\":\"ReadAction\",\"target\":[\"https:\\\/\\\/hicontract.brugnottogroup.it\\\/fr\\\/projets\\\/pharmacies\\\/\"]}]},{\"@type\":\"BreadcrumbList\",\"@id\":\"https:\\\/\\\/hicontract.brugnottogroup.it\\\/fr\\\/projets\\\/pharmacies\\\/#breadcrumb\",\"itemListElement\":[{\"@type\":\"ListItem\",\"position\":1,\"name\":\"Home\",\"item\":\"https:\\\/\\\/hicontract.brugnottogroup.it\\\/fr\\\/\"},{\"@type\":\"ListItem\",\"position\":2,\"name\":\"Projets\",\"item\":\"https:\\\/\\\/hicontract.brugnottogroup.it\\\/fr\\\/projets\\\/\"},{\"@type\":\"ListItem\",\"position\":3,\"name\":\"Pharmacies\"}]},{\"@type\":\"WebSite\",\"@id\":\"https:\\\/\\\/hicontract.brugnottogroup.it\\\/#website\",\"url\":\"https:\\\/\\\/hicontract.brugnottogroup.it\\\/\",\"name\":\"Hi Contract Brugnotto Group\",\"description\":\"Innovative Interior and Design Makers\",\"publisher\":{\"@id\":\"https:\\\/\\\/hicontract.brugnottogroup.it\\\/#organization\"},\"potentialAction\":[{\"@type\":\"SearchAction\",\"target\":{\"@type\":\"EntryPoint\",\"urlTemplate\":\"https:\\\/\\\/hicontract.brugnottogroup.it\\\/?s={search_term_string}\"},\"query-input\":{\"@type\":\"PropertyValueSpecification\",\"valueRequired\":true,\"valueName\":\"search_term_string\"}}],\"inLanguage\":\"fr-FR\"},{\"@type\":\"Organization\",\"@id\":\"https:\\\/\\\/hicontract.brugnottogroup.it\\\/#organization\",\"name\":\"Hi Contract\",\"url\":\"https:\\\/\\\/hicontract.brugnottogroup.it\\\/\",\"logo\":{\"@type\":\"ImageObject\",\"inLanguage\":\"fr-FR\",\"@id\":\"https:\\\/\\\/hicontract.brugnottogroup.it\\\/#\\\/schema\\\/logo\\\/image\\\/\",\"url\":\"https:\\\/\\\/hicontract.brugnottogroup.it\\\/wp-content\\\/uploads\\\/2022\\\/04\\\/hi-contract-vert-black.jpg\",\"contentUrl\":\"https:\\\/\\\/hicontract.brugnottogroup.it\\\/wp-content\\\/uploads\\\/2022\\\/04\\\/hi-contract-vert-black.jpg\",\"width\":1417,\"height\":752,\"caption\":\"Hi Contract\"},\"image\":{\"@id\":\"https:\\\/\\\/hicontract.brugnottogroup.it\\\/#\\\/schema\\\/logo\\\/image\\\/\"},\"sameAs\":[\"https:\\\/\\\/www.facebook.com\\\/brugnottohicontract\\\/\",\"https:\\\/\\\/www.instagram.com\\\/hicontract_brugnotto\\\/\",\"https:\\\/\\\/www.linkedin.com\\\/showcase\\\/brugnotto-hi-contract\"]}]}<\/script>\n<!-- \/ Yoast SEO plugin. -->","yoast_head_json":{"title":"Pharmacies - HI Contract","description":"HI Contract coniuga identit\u00e0 aziendale e esigenze funzionali della marca attraverso la realizzazione di show-room e negozi per i pi\u00f9 prestigiosi brand dell\u2019industrial design, del lusso, della moda, del largo consumo, della cura della persona e della ristorazione.","robots":{"index":"index","follow":"follow","max-snippet":"max-snippet:-1","max-image-preview":"max-image-preview:large","max-video-preview":"max-video-preview:-1"},"canonical":"https:\/\/hicontract.brugnottogroup.it\/fr\/projets\/pharmacies\/","og_locale":"fr_FR","og_type":"article","og_title":"Pharmacies - HI Contract","og_description":"HI Contract coniuga identit\u00e0 aziendale e esigenze funzionali della marca attraverso la realizzazione di show-room e negozi per i pi\u00f9 prestigiosi brand dell\u2019industrial design, del lusso, della moda, del largo consumo, della cura della persona e della ristorazione.","og_url":"https:\/\/hicontract.brugnottogroup.it\/fr\/projets\/pharmacies\/","og_site_name":"HI Contract","article_publisher":"https:\/\/www.facebook.com\/brugnottohicontract\/","article_modified_time":"2022-11-30T10:20:15+00:00","og_image":[{"width":620,"height":440,"url":"https:\/\/hicontract.brugnottogroup.it\/wp-content\/uploads\/2018\/02\/HI_620X440.jpg","type":"image\/jpeg"}],"twitter_card":"summary_large_image","twitter_misc":{"Dur\u00e9e de lecture estim\u00e9e":"1 minute"},"schema":{"@context":"https:\/\/schema.org","@graph":[{"@type":"WebPage","@id":"https:\/\/hicontract.brugnottogroup.it\/fr\/projets\/pharmacies\/","url":"https:\/\/hicontract.brugnottogroup.it\/fr\/projets\/pharmacies\/","name":"Pharmacies - HI Contract","isPartOf":{"@id":"https:\/\/hicontract.brugnottogroup.it\/#website"},"datePublished":"2018-11-14T11:14:30+00:00","dateModified":"2022-11-30T10:20:15+00:00","description":"HI Contract coniuga identit\u00e0 aziendale e esigenze funzionali della marca attraverso la realizzazione di show-room e negozi per i pi\u00f9 prestigiosi brand dell\u2019industrial design, del lusso, della moda, del largo consumo, della cura della persona e della ristorazione.","breadcrumb":{"@id":"https:\/\/hicontract.brugnottogroup.it\/fr\/projets\/pharmacies\/#breadcrumb"},"inLanguage":"fr-FR","potentialAction":[{"@type":"ReadAction","target":["https:\/\/hicontract.brugnottogroup.it\/fr\/projets\/pharmacies\/"]}]},{"@type":"BreadcrumbList","@id":"https:\/\/hicontract.brugnottogroup.it\/fr\/projets\/pharmacies\/#breadcrumb","itemListElement":[{"@type":"ListItem","position":1,"name":"Home","item":"https:\/\/hicontract.brugnottogroup.it\/fr\/"},{"@type":"ListItem","position":2,"name":"Projets","item":"https:\/\/hicontract.brugnottogroup.it\/fr\/projets\/"},{"@type":"ListItem","position":3,"name":"Pharmacies"}]},{"@type":"WebSite","@id":"https:\/\/hicontract.brugnottogroup.it\/#website","url":"https:\/\/hicontract.brugnottogroup.it\/","name":"Hi Contract Brugnotto Group","description":"Innovative Interior and Design Makers","publisher":{"@id":"https:\/\/hicontract.brugnottogroup.it\/#organization"},"potentialAction":[{"@type":"SearchAction","target":{"@type":"EntryPoint","urlTemplate":"https:\/\/hicontract.brugnottogroup.it\/?s={search_term_string}"},"query-input":{"@type":"PropertyValueSpecification","valueRequired":true,"valueName":"search_term_string"}}],"inLanguage":"fr-FR"},{"@type":"Organization","@id":"https:\/\/hicontract.brugnottogroup.it\/#organization","name":"Hi Contract","url":"https:\/\/hicontract.brugnottogroup.it\/","logo":{"@type":"ImageObject","inLanguage":"fr-FR","@id":"https:\/\/hicontract.brugnottogroup.it\/#\/schema\/logo\/image\/","url":"https:\/\/hicontract.brugnottogroup.it\/wp-content\/uploads\/2022\/04\/hi-contract-vert-black.jpg","contentUrl":"https:\/\/hicontract.brugnottogroup.it\/wp-content\/uploads\/2022\/04\/hi-contract-vert-black.jpg","width":1417,"height":752,"caption":"Hi Contract"},"image":{"@id":"https:\/\/hicontract.brugnottogroup.it\/#\/schema\/logo\/image\/"},"sameAs":["https:\/\/www.facebook.com\/brugnottohicontract\/","https:\/\/www.instagram.com\/hicontract_brugnotto\/","https:\/\/www.linkedin.com\/showcase\/brugnotto-hi-contract"]}]}},"_links":{"self":[{"href":"https:\/\/hicontract.brugnottogroup.it\/fr\/wp-json\/wp\/v2\/pages\/6429","targetHints":{"allow":["GET"]}}],"collection":[{"href":"https:\/\/hicontract.brugnottogroup.it\/fr\/wp-json\/wp\/v2\/pages"}],"about":[{"href":"https:\/\/hicontract.brugnottogroup.it\/fr\/wp-json\/wp\/v2\/types\/page"}],"author":[{"embeddable":true,"href":"https:\/\/hicontract.brugnottogroup.it\/fr\/wp-json\/wp\/v2\/users\/1"}],"replies":[{"embeddable":true,"href":"https:\/\/hicontract.brugnottogroup.it\/fr\/wp-json\/wp\/v2\/comments?post=6429"}],"version-history":[{"count":5,"href":"https:\/\/hicontract.brugnottogroup.it\/fr\/wp-json\/wp\/v2\/pages\/6429\/revisions"}],"predecessor-version":[{"id":8774,"href":"https:\/\/hicontract.brugnottogroup.it\/fr\/wp-json\/wp\/v2\/pages\/6429\/revisions\/8774"}],"up":[{"embeddable":true,"href":"https:\/\/hicontract.brugnottogroup.it\/fr\/wp-json\/wp\/v2\/pages\/4772"}],"wp:attachment":[{"href":"https:\/\/hicontract.brugnottogroup.it\/fr\/wp-json\/wp\/v2\/media?parent=6429"}],"curies":[{"name":"wp","href":"https:\/\/api.w.org\/{rel}","templated":true}]}}